{"id":3334,"date":"2022-03-22T09:50:00","date_gmt":"2022-03-22T09:50:00","guid":{"rendered":"https:\/\/coolsped.bg\/de\/?page_id=3334"},"modified":"2022-06-29T09:21:07","modified_gmt":"2022-06-29T09:21:07","slug":"pannendienst","status":"publish","type":"page","link":"https:\/\/coolsped.bg\/de\/pannendienst\/","title":{"rendered":"Pannendienst"},"content":{"rendered":"\t\t<div data-elementor-type=\"wp-page\" data-elementor-id=\"3334\" class=\"elementor elementor-3334\">\n\t\t\t\t\t\t<section class=\"elementor-section elementor-top-section elementor-element elementor-element-7edc58e elementor-section-boxed elementor-section-height-default elementor-section-height-default wpr-particle-no wpr-jarallax-no wpr-parallax-no wpr-sticky-section-no\" data-id=\"7edc58e\" data-element_type=\"section\">\n\t\t\t\t\t\t<div class=\"elementor-container elementor-column-gap-default\">\n\t\t\t\t\t<div class=\"elementor-column elementor-col-100 elementor-top-column elementor-element elementor-element-2c98ae1\" data-id=\"2c98ae1\" data-element_type=\"column\">\n\t\t\t<div class=\"elementor-widget-wrap elementor-element-populated\">\n\t\t\t\t\t\t<div class=\"elementor-element elementor-element-0d405e0 elementor-widget elementor-widget-heading bdevs-el heading\" data-id=\"0d405e0\" data-element_type=\"widget\" data-settings=\"{&quot;design_style&quot;:&quot;style_4&quot;}\" data-widget_type=\"heading.default\">\n\t\t\t\t<div class=\"elementor-widget-container\">\n\t\t\t\r\n                           \r\n            <div class=\"section-title text-center bdevs-el-content extra_section-tp-1\">\r\n                                    <h2 class=\"section-title bdevs-el-title  bdevs-el-btn\">Pannendienst<\/h2>\r\n                                     <div class=\"back-text\">\r\n                     <span class=\"bdevs-el-backtitle\">ASSISTANCE<\/span>\r\n                  <\/div>\r\n                                              <\/div>\r\n           \r\n        \r\n        \t\t<\/div>\n\t\t\t\t<\/div>\n\t\t\t\t\t<\/div>\n\t\t<\/div>\n\t\t\t\t\t<\/div>\n\t\t<\/section>\n\t\t\t\t<section class=\"elementor-section elementor-top-section elementor-element elementor-element-e63ad6c elementor-section-boxed elementor-section-height-default elementor-section-height-default wpr-particle-no wpr-jarallax-no wpr-parallax-no wpr-sticky-section-no\" data-id=\"e63ad6c\" data-element_type=\"section\">\n\t\t\t\t\t\t<div class=\"elementor-container elementor-column-gap-default\">\n\t\t\t\t\t<div class=\"elementor-column elementor-col-50 elementor-top-column elementor-element elementor-element-4b7450a\" data-id=\"4b7450a\" data-element_type=\"column\">\n\t\t\t<div class=\"elementor-widget-wrap elementor-element-populated\">\n\t\t\t\t\t\t<div class=\"elementor-element elementor-element-f8ba3af elementor-widget elementor-widget-text-editor\" data-id=\"f8ba3af\" data-element_type=\"widget\" data-widget_type=\"text-editor.default\">\n\t\t\t\t<div class=\"elementor-widget-container\">\n\t\t\t\t\t\t\t<p>Hilfeleistung in Notf\u00e4llen f\u00fcr alle Arten von Fahrzeugen im Hoheitsgebiet der Republik Bulgarien<\/p>\t\t\t\t\t\t<\/div>\n\t\t\t\t<\/div>\n\t\t\t\t\t<\/div>\n\t\t<\/div>\n\t\t\t\t<div class=\"elementor-column elementor-col-50 elementor-top-column elementor-element elementor-element-b96e1c5\" data-id=\"b96e1c5\" data-element_type=\"column\">\n\t\t\t<div class=\"elementor-widget-wrap elementor-element-populated\">\n\t\t\t\t\t\t<div class=\"elementor-element elementor-element-1e8bcbf elementor-invisible elementor-widget elementor-widget-image\" data-id=\"1e8bcbf\" data-element_type=\"widget\" data-settings=\"{&quot;_animation&quot;:&quot;fadeIn&quot;}\" data-widget_type=\"image.default\">\n\t\t\t\t<div class=\"elementor-widget-container\">\n\t\t\t\t\t\t\t\t\t\t\t\t\t<img fetchpriority=\"high\" decoding=\"async\" width=\"640\" height=\"376\" src=\"https:\/\/coolsped.bg\/de\/wp-content\/uploads\/2022\/03\/patna-pomosht.png\" class=\"attachment-large size-large wp-image-3171\" alt=\"Pannendienst\" srcset=\"https:\/\/coolsped.bg\/de\/wp-content\/uploads\/2022\/03\/patna-pomosht.png 850w, https:\/\/coolsped.bg\/de\/wp-content\/uploads\/2022\/03\/patna-pomosht-300x176.png 300w, https:\/\/coolsped.bg\/de\/wp-content\/uploads\/2022\/03\/patna-pomosht-768x452.png 768w\" sizes=\"(max-width: 640px) 100vw, 640px\" \/>\t\t\t\t\t\t\t\t\t\t\t\t\t<\/div>\n\t\t\t\t<\/div>\n\t\t\t\t\t<\/div>\n\t\t<\/div>\n\t\t\t\t\t<\/div>\n\t\t<\/section>\n\t\t\t\t<section class=\"elementor-section elementor-top-section elementor-element elementor-element-53544b0 elementor-section-boxed elementor-section-height-default elementor-section-height-default wpr-particle-no wpr-jarallax-no wpr-parallax-no wpr-sticky-section-no\" data-id=\"53544b0\" data-element_type=\"section\">\n\t\t\t\t\t\t<div class=\"elementor-container elementor-column-gap-default\">\n\t\t\t\t\t<div class=\"elementor-column elementor-col-100 elementor-top-column elementor-element elementor-element-bb35c5a\" data-id=\"bb35c5a\" data-element_type=\"column\">\n\t\t\t<div class=\"elementor-widget-wrap elementor-element-populated\">\n\t\t\t\t\t\t<div class=\"elementor-element elementor-element-f7cfb21 elementor-widget elementor-widget-spacer\" data-id=\"f7cfb21\" data-element_type=\"widget\" data-widget_type=\"spacer.default\">\n\t\t\t\t<div class=\"elementor-widget-container\">\n\t\t\t\t\t<div class=\"elementor-spacer\">\n\t\t\t<div class=\"elementor-spacer-inner\"><\/div>\n\t\t<\/div>\n\t\t\t\t<\/div>\n\t\t\t\t<\/div>\n\t\t\t\t\t<\/div>\n\t\t<\/div>\n\t\t\t\t\t<\/div>\n\t\t<\/section>\n\t\t\t\t<section class=\"elementor-section elementor-top-section elementor-element elementor-element-a3db2f8 elementor-section-boxed elementor-section-height-default elementor-section-height-default wpr-particle-no wpr-jarallax-no wpr-parallax-no wpr-sticky-section-no\" data-id=\"a3db2f8\" data-element_type=\"section\">\n\t\t\t\t\t\t<div class=\"elementor-container elementor-column-gap-default\">\n\t\t\t\t\t<div class=\"elementor-column elementor-col-100 elementor-top-column elementor-element elementor-element-788a7f5\" data-id=\"788a7f5\" data-element_type=\"column\">\n\t\t\t<div class=\"elementor-widget-wrap elementor-element-populated\">\n\t\t\t\t\t\t<div class=\"elementor-element elementor-element-6a69556 elementor-widget elementor-widget-heading bdevs-el heading\" data-id=\"6a69556\" data-element_type=\"widget\" data-settings=\"{&quot;design_style&quot;:&quot;style_4&quot;}\" data-widget_type=\"heading.default\">\n\t\t\t\t<div class=\"elementor-widget-container\">\n\t\t\t\r\n                           \r\n            <div class=\"section-title text-center bdevs-el-content extra_section-tp-1\">\r\n                                    <h2 class=\"section-title bdevs-el-title  bdevs-el-btn\">Kontaktiere uns<\/h2>\r\n                                     <div class=\"back-text\">\r\n                     <span class=\"bdevs-el-backtitle\">ANFRAGE<\/span>\r\n                  <\/div>\r\n                                              <\/div>\r\n           \r\n        \r\n        \t\t<\/div>\n\t\t\t\t<\/div>\n\t\t\t\t\t<\/div>\n\t\t<\/div>\n\t\t\t\t\t<\/div>\n\t\t<\/section>\n\t\t\t\t<section class=\"elementor-section elementor-top-section elementor-element elementor-element-91b9aac elementor-section-boxed elementor-section-height-default elementor-section-height-default wpr-particle-no wpr-jarallax-no wpr-parallax-no wpr-sticky-section-no\" data-id=\"91b9aac\" data-element_type=\"section\">\n\t\t\t\t\t\t<div class=\"elementor-container elementor-column-gap-default\">\n\t\t\t\t\t<div class=\"elementor-column elementor-col-100 elementor-top-column elementor-element elementor-element-45dc0d7\" data-id=\"45dc0d7\" data-element_type=\"column\">\n\t\t\t<div class=\"elementor-widget-wrap elementor-element-populated\">\n\t\t\t\t\t\t<div class=\"elementor-element elementor-element-f81d16e elementor-invisible elementor-widget elementor-widget-cf7 bdevs-el cf7\" data-id=\"f81d16e\" data-element_type=\"widget\" data-settings=\"{&quot;_animation&quot;:&quot;fadeIn&quot;,&quot;design_style&quot;:&quot;style_1&quot;}\" data-widget_type=\"cf7.default\">\n\t\t\t\t<div class=\"elementor-widget-container\">\n\t\t\t                 <!-- contact form area  -->\r\n        <div class=\"contact-form\">\r\n            <div class=\"contact-form-inner\">\r\n                <div class=\"container\">\r\n                    <div class=\"row wow fadeInUp2\">\r\n                                                <div class=\"col-xl-12\">\r\n                            <div class=\"sd-form tmd-form\">\r\n                                 \n<div class=\"wpcf7 no-js\" id=\"wpcf7-f676-o1\" lang=\"en-US\" dir=\"ltr\">\n<div class=\"screen-reader-response\"><p role=\"status\" aria-live=\"polite\" aria-atomic=\"true\"><\/p> <ul><\/ul><\/div>\n<form action=\"\/de\/wp-json\/wp\/v2\/pages\/3334#wpcf7-f676-o1\" method=\"post\" class=\"wpcf7-form init bdevs-cf7-form\" aria-label=\"Contact form\" novalidate=\"novalidate\" data-status=\"init\">\n<div style=\"display: none;\">\n<input type=\"hidden\" name=\"_wpcf7\" value=\"676\" \/>\n<input type=\"hidden\" name=\"_wpcf7_version\" value=\"5.9.8\" \/>\n<input type=\"hidden\" name=\"_wpcf7_locale\" value=\"en_US\" \/>\n<input type=\"hidden\" name=\"_wpcf7_unit_tag\" value=\"wpcf7-f676-o1\" \/>\n<input type=\"hidden\" name=\"_wpcf7_container_post\" value=\"0\" \/>\n<input type=\"hidden\" name=\"_wpcf7_posted_data_hash\" value=\"\" \/>\n<input type=\"hidden\" name=\"_wpcf7_recaptcha_response\" value=\"\" \/>\n<\/div>\n<div class=\"row\">\n\t<div class=\"col-lg-4\">\n\t\t<p><span class=\"wpcf7-form-control-wrap\" data-name=\"text-327\"><input size=\"40\" maxlength=\"400\" class=\"wpcf7-form-control wpcf7-text\" aria-invalid=\"false\" placeholder=\"Full name\" value=\"\" type=\"text\" name=\"text-327\" \/><\/span>\n\t\t<\/p>\n\t<\/div>\n\t<div class=\"col-lg-4\">\n\t\t<p><span class=\"wpcf7-form-control-wrap\" data-name=\"text-327\"><input size=\"40\" maxlength=\"400\" class=\"wpcf7-form-control wpcf7-text\" aria-invalid=\"false\" placeholder=\"Telephone\" value=\"\" type=\"text\" name=\"text-327\" \/><\/span>\n\t\t<\/p>\n\t<\/div>\n\t<div class=\"col-lg-4\">\n\t\t<p><span class=\"wpcf7-form-control-wrap\" data-name=\"email-497\"><input size=\"40\" maxlength=\"400\" class=\"wpcf7-form-control wpcf7-email wpcf7-text wpcf7-validates-as-email\" aria-invalid=\"false\" placeholder=\"E-mail\" value=\"\" type=\"email\" name=\"email-497\" \/><\/span>\n\t\t<\/p>\n\t<\/div>\n\t<div class=\"col-lg-12\">\n\t\t<p><span class=\"wpcf7-form-control-wrap\" data-name=\"message\"><textarea cols=\"40\" rows=\"10\" maxlength=\"2000\" class=\"wpcf7-form-control wpcf7-textarea message\" id=\"message\" aria-invalid=\"false\" placeholder=\"Message\" name=\"message\"><\/textarea><\/span>\n\t\t<\/p>\n\t<\/div>\n\t<div class=\"col-lg-12 text-center\">\n\t\t<p><button class=\"shutter-btn\" type=\"submit\">make an inquiry<\/button>\n\t\t<\/p>\n\t<\/div>\n<\/div><div class=\"wpcf7-response-output\" aria-hidden=\"true\"><\/div>\n<\/form>\n<\/div>\n                            <\/div>\r\n                        <\/div>\r\n                    <\/div>\r\n                <\/div>\r\n            <\/div>\r\n        <\/div>\r\n        <!-- contact form end -->\r\n    \r\n\r\n        \t\t<\/div>\n\t\t\t\t<\/div>\n\t\t\t\t\t<\/div>\n\t\t<\/div>\n\t\t\t\t\t<\/div>\n\t\t<\/section>\n\t\t\t\t<section class=\"elementor-section elementor-top-section elementor-element elementor-element-528689e elementor-section-boxed elementor-section-height-default elementor-section-height-default wpr-particle-no wpr-jarallax-no wpr-parallax-no wpr-sticky-section-no\" data-id=\"528689e\" data-element_type=\"section\" data-settings=\"{&quot;background_background&quot;:&quot;classic&quot;}\">\n\t\t\t\t\t\t<div class=\"elementor-container elementor-column-gap-default\">\n\t\t\t\t\t<div class=\"elementor-column elementor-col-100 elementor-top-column elementor-element elementor-element-7cb9052\" data-id=\"7cb9052\" data-element_type=\"column\">\n\t\t\t<div class=\"elementor-widget-wrap elementor-element-populated\">\n\t\t\t\t\t\t<div class=\"elementor-element elementor-element-6981808 elementor-widget elementor-widget-image\" data-id=\"6981808\" data-element_type=\"widget\" data-widget_type=\"image.default\">\n\t\t\t\t<div class=\"elementor-widget-container\">\n\t\t\t\t\t\t\t\t\t\t\t\t\t<img decoding=\"async\" width=\"300\" height=\"49\" src=\"https:\/\/coolsped.bg\/de\/wp-content\/uploads\/2022\/03\/coolsped_logo-1-300x49.png\" class=\"attachment-medium size-medium wp-image-2475\" alt=\"\" srcset=\"https:\/\/coolsped.bg\/de\/wp-content\/uploads\/2022\/03\/coolsped_logo-1-300x49.png 300w, https:\/\/coolsped.bg\/de\/wp-content\/uploads\/2022\/03\/coolsped_logo-1-768x125.png 768w, https:\/\/coolsped.bg\/de\/wp-content\/uploads\/2022\/03\/coolsped_logo-1.png 975w\" sizes=\"(max-width: 300px) 100vw, 300px\" \/>\t\t\t\t\t\t\t\t\t\t\t\t\t<\/div>\n\t\t\t\t<\/div>\n\t\t\t\t<div class=\"elementor-element elementor-element-b4db014 elementor-widget elementor-widget-text-editor\" data-id=\"b4db014\" data-element_type=\"widget\" data-widget_type=\"text-editor.default\">\n\t\t\t\t<div class=\"elementor-widget-container\">\n\t\t\t\t\t\t\t<p>Der Erfolg eines Unternehmens wird am beredtesten durch seine Ergebnisse und Leistungen unterstrichen.<\/p>\t\t\t\t\t\t<\/div>\n\t\t\t\t<\/div>\n\t\t\t\t\t<\/div>\n\t\t<\/div>\n\t\t\t\t\t<\/div>\n\t\t<\/section>\n\t\t\t\t<\/div>\n\t\t","protected":false},"excerpt":{"rendered":"<p>Pannendienst ASSISTANCE Hilfeleistung in Notf\u00e4llen f\u00fcr alle Arten von Fahrzeugen im Hoheitsgebiet der Republik Bulgarien Kontaktiere uns ANFRAGE make an inquiry Der Erfolg eines Unternehmens wird am beredtesten durch seine Ergebnisse und Leistungen unterstrichen.<\/p>\n","protected":false},"author":1,"featured_media":0,"parent":0,"menu_order":0,"comment_status":"closed","ping_status":"closed","template":"elementor_header_footer","meta":{"_acf_changed":false,"footnotes":""},"class_list":["post-3334","page","type-page","status-publish","hentry"],"acf":[],"yoast_head":"<!-- This site is optimized with the Yoast SEO plugin v23.5 - https:\/\/yoast.com\/wordpress\/plugins\/seo\/ -->\n<title>Pannendienst - Coolsped | Bewegen Sie sich mit uns: Transportdienste Sofia | G\u00fcterverkehr G\u00fcterverkehr K\u00fchltransport Europ\u00e4ische Union Transport Sofia<\/title>\n<meta name=\"description\" content=\"Pannendienst\" \/>\n<meta name=\"robots\" content=\"index, follow, max-snippet:-1, max-image-preview:large, max-video-preview:-1\" \/>\n<link rel=\"canonical\" href=\"https:\/\/coolsped.bg\/de\/pannendienst\/\" \/>\n<meta property=\"og:locale\" content=\"en_US\" \/>\n<meta property=\"og:type\" content=\"article\" \/>\n<meta property=\"og:title\" content=\"Pannendienst - Coolsped | Bewegen Sie sich mit uns: Transportdienste Sofia | G\u00fcterverkehr G\u00fcterverkehr K\u00fchltransport Europ\u00e4ische Union Transport Sofia\" \/>\n<meta property=\"og:description\" content=\"Pannendienst\" \/>\n<meta property=\"og:url\" content=\"https:\/\/coolsped.bg\/de\/pannendienst\/\" \/>\n<meta property=\"og:site_name\" content=\"Coolsped | Bewegen Sie sich mit uns: Transportdienste Sofia | G\u00fcterverkehr G\u00fcterverkehr K\u00fchltransport Europ\u00e4ische Union Transport Sofia\" \/>\n<meta property=\"article:modified_time\" content=\"2022-06-29T09:21:07+00:00\" \/>\n<meta property=\"og:image\" content=\"https:\/\/coolsped.bg\/de\/wp-content\/uploads\/2022\/03\/patna-pomosht.png\" \/>\n<meta name=\"twitter:card\" content=\"summary_large_image\" \/>\n<meta name=\"twitter:label1\" content=\"Est. reading time\" \/>\n\t<meta name=\"twitter:data1\" content=\"1 minute\" \/>\n<script type=\"application\/ld+json\" class=\"yoast-schema-graph\">{\"@context\":\"https:\/\/schema.org\",\"@graph\":[{\"@type\":\"WebPage\",\"@id\":\"https:\/\/coolsped.bg\/de\/pannendienst\/\",\"url\":\"https:\/\/coolsped.bg\/de\/pannendienst\/\",\"name\":\"Pannendienst - Coolsped | Bewegen Sie sich mit uns: Transportdienste Sofia | G\u00fcterverkehr G\u00fcterverkehr K\u00fchltransport Europ\u00e4ische Union Transport Sofia\",\"isPartOf\":{\"@id\":\"https:\/\/coolsped.bg\/de\/#website\"},\"primaryImageOfPage\":{\"@id\":\"https:\/\/coolsped.bg\/de\/pannendienst\/#primaryimage\"},\"image\":{\"@id\":\"https:\/\/coolsped.bg\/de\/pannendienst\/#primaryimage\"},\"thumbnailUrl\":\"https:\/\/coolsped.bg\/de\/wp-content\/uploads\/2022\/03\/patna-pomosht.png\",\"datePublished\":\"2022-03-22T09:50:00+00:00\",\"dateModified\":\"2022-06-29T09:21:07+00:00\",\"description\":\"Pannendienst\",\"breadcrumb\":{\"@id\":\"https:\/\/coolsped.bg\/de\/pannendienst\/#breadcrumb\"},\"inLanguage\":\"en-US\",\"potentialAction\":[{\"@type\":\"ReadAction\",\"target\":[\"https:\/\/coolsped.bg\/de\/pannendienst\/\"]}]},{\"@type\":\"ImageObject\",\"inLanguage\":\"en-US\",\"@id\":\"https:\/\/coolsped.bg\/de\/pannendienst\/#primaryimage\",\"url\":\"https:\/\/coolsped.bg\/de\/wp-content\/uploads\/2022\/03\/patna-pomosht.png\",\"contentUrl\":\"https:\/\/coolsped.bg\/de\/wp-content\/uploads\/2022\/03\/patna-pomosht.png\",\"width\":850,\"height\":500,\"caption\":\"Pannendienst\"},{\"@type\":\"BreadcrumbList\",\"@id\":\"https:\/\/coolsped.bg\/de\/pannendienst\/#breadcrumb\",\"itemListElement\":[{\"@type\":\"ListItem\",\"position\":1,\"name\":\"Home\",\"item\":\"https:\/\/coolsped.bg\/de\/\"},{\"@type\":\"ListItem\",\"position\":2,\"name\":\"Pannendienst\"}]},{\"@type\":\"WebSite\",\"@id\":\"https:\/\/coolsped.bg\/de\/#website\",\"url\":\"https:\/\/coolsped.bg\/de\/\",\"name\":\"Coolsped | Bewegen Sie sich mit uns: Transportdienste Sofia | G\u00fcterverkehr G\u00fcterverkehr K\u00fchltransport Europ\u00e4ische Union Transport Sofia\",\"description\":\"Transportunternehmen, das K\u00fchltransporte, Transportdienstleistungen, G\u00fctertransporte, G\u00fctertransporte, das Land und die EU anbietet.\",\"publisher\":{\"@id\":\"https:\/\/coolsped.bg\/de\/#organization\"},\"potentialAction\":[{\"@type\":\"SearchAction\",\"target\":{\"@type\":\"EntryPoint\",\"urlTemplate\":\"https:\/\/coolsped.bg\/de\/?s={search_term_string}\"},\"query-input\":{\"@type\":\"PropertyValueSpecification\",\"valueRequired\":true,\"valueName\":\"search_term_string\"}}],\"inLanguage\":\"en-US\"},{\"@type\":\"Organization\",\"@id\":\"https:\/\/coolsped.bg\/de\/#organization\",\"name\":\"CoolSped Ltd\",\"url\":\"https:\/\/coolsped.bg\/de\/\",\"logo\":{\"@type\":\"ImageObject\",\"inLanguage\":\"en-US\",\"@id\":\"https:\/\/coolsped.bg\/de\/#\/schema\/logo\/image\/\",\"url\":\"https:\/\/coolsped.bg\/de\/wp-content\/uploads\/2022\/03\/coolsped_logo-2.png\",\"contentUrl\":\"https:\/\/coolsped.bg\/de\/wp-content\/uploads\/2022\/03\/coolsped_logo-2.png\",\"width\":372,\"height\":60,\"caption\":\"CoolSped Ltd\"},\"image\":{\"@id\":\"https:\/\/coolsped.bg\/de\/#\/schema\/logo\/image\/\"}}]}<\/script>\n<!-- \/ Yoast SEO plugin. -->","yoast_head_json":{"title":"Pannendienst - Coolsped | Bewegen Sie sich mit uns: Transportdienste Sofia | G\u00fcterverkehr G\u00fcterverkehr K\u00fchltransport Europ\u00e4ische Union Transport Sofia","description":"Pannendienst","robots":{"index":"index","follow":"follow","max-snippet":"max-snippet:-1","max-image-preview":"max-image-preview:large","max-video-preview":"max-video-preview:-1"},"canonical":"https:\/\/coolsped.bg\/de\/pannendienst\/","og_locale":"en_US","og_type":"article","og_title":"Pannendienst - Coolsped | Bewegen Sie sich mit uns: Transportdienste Sofia | G\u00fcterverkehr G\u00fcterverkehr K\u00fchltransport Europ\u00e4ische Union Transport Sofia","og_description":"Pannendienst","og_url":"https:\/\/coolsped.bg\/de\/pannendienst\/","og_site_name":"Coolsped | Bewegen Sie sich mit uns: Transportdienste Sofia | G\u00fcterverkehr G\u00fcterverkehr K\u00fchltransport Europ\u00e4ische Union Transport Sofia","article_modified_time":"2022-06-29T09:21:07+00:00","og_image":[{"url":"https:\/\/coolsped.bg\/de\/wp-content\/uploads\/2022\/03\/patna-pomosht.png"}],"twitter_card":"summary_large_image","twitter_misc":{"Est. reading time":"1 minute"},"schema":{"@context":"https:\/\/schema.org","@graph":[{"@type":"WebPage","@id":"https:\/\/coolsped.bg\/de\/pannendienst\/","url":"https:\/\/coolsped.bg\/de\/pannendienst\/","name":"Pannendienst - Coolsped | Bewegen Sie sich mit uns: Transportdienste Sofia | G\u00fcterverkehr G\u00fcterverkehr K\u00fchltransport Europ\u00e4ische Union Transport Sofia","isPartOf":{"@id":"https:\/\/coolsped.bg\/de\/#website"},"primaryImageOfPage":{"@id":"https:\/\/coolsped.bg\/de\/pannendienst\/#primaryimage"},"image":{"@id":"https:\/\/coolsped.bg\/de\/pannendienst\/#primaryimage"},"thumbnailUrl":"https:\/\/coolsped.bg\/de\/wp-content\/uploads\/2022\/03\/patna-pomosht.png","datePublished":"2022-03-22T09:50:00+00:00","dateModified":"2022-06-29T09:21:07+00:00","description":"Pannendienst","breadcrumb":{"@id":"https:\/\/coolsped.bg\/de\/pannendienst\/#breadcrumb"},"inLanguage":"en-US","potentialAction":[{"@type":"ReadAction","target":["https:\/\/coolsped.bg\/de\/pannendienst\/"]}]},{"@type":"ImageObject","inLanguage":"en-US","@id":"https:\/\/coolsped.bg\/de\/pannendienst\/#primaryimage","url":"https:\/\/coolsped.bg\/de\/wp-content\/uploads\/2022\/03\/patna-pomosht.png","contentUrl":"https:\/\/coolsped.bg\/de\/wp-content\/uploads\/2022\/03\/patna-pomosht.png","width":850,"height":500,"caption":"Pannendienst"},{"@type":"BreadcrumbList","@id":"https:\/\/coolsped.bg\/de\/pannendienst\/#breadcrumb","itemListElement":[{"@type":"ListItem","position":1,"name":"Home","item":"https:\/\/coolsped.bg\/de\/"},{"@type":"ListItem","position":2,"name":"Pannendienst"}]},{"@type":"WebSite","@id":"https:\/\/coolsped.bg\/de\/#website","url":"https:\/\/coolsped.bg\/de\/","name":"Coolsped | Bewegen Sie sich mit uns: Transportdienste Sofia | G\u00fcterverkehr G\u00fcterverkehr K\u00fchltransport Europ\u00e4ische Union Transport Sofia","description":"Transportunternehmen, das K\u00fchltransporte, Transportdienstleistungen, G\u00fctertransporte, G\u00fctertransporte, das Land und die EU anbietet.","publisher":{"@id":"https:\/\/coolsped.bg\/de\/#organization"},"potentialAction":[{"@type":"SearchAction","target":{"@type":"EntryPoint","urlTemplate":"https:\/\/coolsped.bg\/de\/?s={search_term_string}"},"query-input":{"@type":"PropertyValueSpecification","valueRequired":true,"valueName":"search_term_string"}}],"inLanguage":"en-US"},{"@type":"Organization","@id":"https:\/\/coolsped.bg\/de\/#organization","name":"CoolSped Ltd","url":"https:\/\/coolsped.bg\/de\/","logo":{"@type":"ImageObject","inLanguage":"en-US","@id":"https:\/\/coolsped.bg\/de\/#\/schema\/logo\/image\/","url":"https:\/\/coolsped.bg\/de\/wp-content\/uploads\/2022\/03\/coolsped_logo-2.png","contentUrl":"https:\/\/coolsped.bg\/de\/wp-content\/uploads\/2022\/03\/coolsped_logo-2.png","width":372,"height":60,"caption":"CoolSped Ltd"},"image":{"@id":"https:\/\/coolsped.bg\/de\/#\/schema\/logo\/image\/"}}]}},"_links":{"self":[{"href":"https:\/\/coolsped.bg\/de\/wp-json\/wp\/v2\/pages\/3334","targetHints":{"allow":["GET"]}}],"collection":[{"href":"https:\/\/coolsped.bg\/de\/wp-json\/wp\/v2\/pages"}],"about":[{"href":"https:\/\/coolsped.bg\/de\/wp-json\/wp\/v2\/types\/page"}],"author":[{"embeddable":true,"href":"https:\/\/coolsped.bg\/de\/wp-json\/wp\/v2\/users\/1"}],"replies":[{"embeddable":true,"href":"https:\/\/coolsped.bg\/de\/wp-json\/wp\/v2\/comments?post=3334"}],"version-history":[{"count":13,"href":"https:\/\/coolsped.bg\/de\/wp-json\/wp\/v2\/pages\/3334\/revisions"}],"predecessor-version":[{"id":4498,"href":"https:\/\/coolsped.bg\/de\/wp-json\/wp\/v2\/pages\/3334\/revisions\/4498"}],"wp:attachment":[{"href":"https:\/\/coolsped.bg\/de\/wp-json\/wp\/v2\/media?parent=3334"}],"curies":[{"name":"wp","href":"https:\/\/api.w.org\/{rel}","templated":true}]}}