{"id":3258,"date":"2022-03-22T07:28:35","date_gmt":"2022-03-22T07:28:35","guid":{"rendered":"https:\/\/coolsped.bg\/de\/?page_id=3258"},"modified":"2022-06-30T08:04:51","modified_gmt":"2022-06-30T08:04:51","slug":"sammeltransport-2","status":"publish","type":"page","link":"https:\/\/coolsped.bg\/de\/sammeltransport-2\/","title":{"rendered":"Sammeltransport"},"content":{"rendered":"\t\t<div data-elementor-type=\"wp-page\" data-elementor-id=\"3258\" class=\"elementor elementor-3258\">\n\t\t\t\t\t\t<section class=\"elementor-section elementor-top-section elementor-element elementor-element-7edc58e elementor-section-boxed elementor-section-height-default elementor-section-height-default wpr-particle-no wpr-jarallax-no wpr-parallax-no wpr-sticky-section-no\" data-id=\"7edc58e\" data-element_type=\"section\">\n\t\t\t\t\t\t<div class=\"elementor-container elementor-column-gap-default\">\n\t\t\t\t\t<div class=\"elementor-column elementor-col-100 elementor-top-column elementor-element elementor-element-2c98ae1\" data-id=\"2c98ae1\" data-element_type=\"column\">\n\t\t\t<div class=\"elementor-widget-wrap elementor-element-populated\">\n\t\t\t\t\t\t<div class=\"elementor-element elementor-element-0d405e0 elementor-widget elementor-widget-heading bdevs-el heading\" data-id=\"0d405e0\" data-element_type=\"widget\" data-settings=\"{&quot;design_style&quot;:&quot;style_4&quot;}\" data-widget_type=\"heading.default\">\n\t\t\t\t<div class=\"elementor-widget-container\">\n\t\t\t\r\n                           \r\n            <div class=\"section-title text-center bdevs-el-content extra_section-tp-1\">\r\n                                    <h2 class=\"section-title bdevs-el-title  bdevs-el-btn\">Sammeltransport<\/h2>\r\n                                     <div class=\"back-text\">\r\n                     <span class=\"bdevs-el-backtitle\">INTERNATIONAL<\/span>\r\n                  <\/div>\r\n                                              <\/div>\r\n           \r\n        \r\n        \t\t<\/div>\n\t\t\t\t<\/div>\n\t\t\t\t\t<\/div>\n\t\t<\/div>\n\t\t\t\t\t<\/div>\n\t\t<\/section>\n\t\t\t\t<section class=\"elementor-section elementor-top-section elementor-element elementor-element-e63ad6c elementor-section-boxed elementor-section-height-default elementor-section-height-default wpr-particle-no wpr-jarallax-no wpr-parallax-no wpr-sticky-section-no\" data-id=\"e63ad6c\" data-element_type=\"section\">\n\t\t\t\t\t\t<div class=\"elementor-container elementor-column-gap-default\">\n\t\t\t\t\t<div class=\"elementor-column elementor-col-50 elementor-top-column elementor-element elementor-element-4b7450a\" data-id=\"4b7450a\" data-element_type=\"column\">\n\t\t\t<div class=\"elementor-widget-wrap elementor-element-populated\">\n\t\t\t\t\t\t<div class=\"elementor-element elementor-element-f8ba3af elementor-widget elementor-widget-text-editor\" data-id=\"f8ba3af\" data-element_type=\"widget\" data-widget_type=\"text-editor.default\">\n\t\t\t\t<div class=\"elementor-widget-container\">\n\t\t\t\t\t\t\t<p>Coolsped bietet seinen Kunden die M\u00f6glichkeit, mehrere Ladungen f\u00fcr ein Ziel zu gruppieren. Diese Option erm\u00f6glicht es unseren Kunden, ihre Transportkosten beim Verkauf verschiedener Warenarten an alle Orte in der EU zu reduzieren.<\/p><p>Aktuelle Trends in der Warenverteilung haben zu einer starken Zunahme von Sammel- oder Teilsendungen von Waren gef\u00fchrt. Unsere Sammelgutbetriebe bieten eine breite Palette von Dienstleistungen an, um die Bed\u00fcrfnisse unserer Kunden zu erf\u00fcllen. F\u00fcr nicht dringende oder planm\u00e4\u00dfige Frachttransporte k\u00f6nnen wir Ihre Fracht gruppieren und zu wettbewerbsf\u00e4higen Preisen liefern. Die Gruppierung wirkt sich in keiner Weise auf das Serviceniveau aus, wird aber so lange beibehalten, wie die Kosten f\u00fcr den Kunden minimiert werden.<\/p>\t\t\t\t\t\t<\/div>\n\t\t\t\t<\/div>\n\t\t\t\t\t<\/div>\n\t\t<\/div>\n\t\t\t\t<div class=\"elementor-column elementor-col-50 elementor-top-column elementor-element elementor-element-b96e1c5\" data-id=\"b96e1c5\" data-element_type=\"column\">\n\t\t\t<div class=\"elementor-widget-wrap elementor-element-populated\">\n\t\t\t\t\t\t<div class=\"elementor-element elementor-element-1e8bcbf elementor-invisible elementor-widget elementor-widget-image\" data-id=\"1e8bcbf\" data-element_type=\"widget\" data-settings=\"{&quot;_animation&quot;:&quot;fadeIn&quot;}\" data-widget_type=\"image.default\">\n\t\t\t\t<div class=\"elementor-widget-container\">\n\t\t\t\t\t\t\t\t\t\t\t\t\t<img fetchpriority=\"high\" decoding=\"async\" width=\"1024\" height=\"600\" src=\"https:\/\/coolsped.bg\/de\/wp-content\/uploads\/2022\/03\/mejdunaroden-grupiran-transport-1.jpg\" class=\"attachment-full size-full wp-image-3262\" alt=\"Sammeltransport\" srcset=\"https:\/\/coolsped.bg\/de\/wp-content\/uploads\/2022\/03\/mejdunaroden-grupiran-transport-1.jpg 1024w, https:\/\/coolsped.bg\/de\/wp-content\/uploads\/2022\/03\/mejdunaroden-grupiran-transport-1-300x176.jpg 300w, https:\/\/coolsped.bg\/de\/wp-content\/uploads\/2022\/03\/mejdunaroden-grupiran-transport-1-768x450.jpg 768w\" sizes=\"(max-width: 1024px) 100vw, 1024px\" \/>\t\t\t\t\t\t\t\t\t\t\t\t\t<\/div>\n\t\t\t\t<\/div>\n\t\t\t\t\t<\/div>\n\t\t<\/div>\n\t\t\t\t\t<\/div>\n\t\t<\/section>\n\t\t\t\t<section class=\"elementor-section elementor-top-section elementor-element elementor-element-53544b0 elementor-section-boxed elementor-section-height-default elementor-section-height-default wpr-particle-no wpr-jarallax-no wpr-parallax-no wpr-sticky-section-no\" data-id=\"53544b0\" data-element_type=\"section\">\n\t\t\t\t\t\t<div class=\"elementor-container elementor-column-gap-default\">\n\t\t\t\t\t<div class=\"elementor-column elementor-col-100 elementor-top-column elementor-element elementor-element-bb35c5a\" data-id=\"bb35c5a\" data-element_type=\"column\">\n\t\t\t<div class=\"elementor-widget-wrap elementor-element-populated\">\n\t\t\t\t\t\t<div class=\"elementor-element elementor-element-f7cfb21 elementor-widget elementor-widget-spacer\" data-id=\"f7cfb21\" data-element_type=\"widget\" data-widget_type=\"spacer.default\">\n\t\t\t\t<div class=\"elementor-widget-container\">\n\t\t\t\t\t<div class=\"elementor-spacer\">\n\t\t\t<div class=\"elementor-spacer-inner\"><\/div>\n\t\t<\/div>\n\t\t\t\t<\/div>\n\t\t\t\t<\/div>\n\t\t\t\t\t<\/div>\n\t\t<\/div>\n\t\t\t\t\t<\/div>\n\t\t<\/section>\n\t\t\t\t<section class=\"elementor-section elementor-top-section elementor-element elementor-element-52c2ed9 elementor-section-boxed elementor-section-height-default elementor-section-height-default wpr-particle-no wpr-jarallax-no wpr-parallax-no wpr-sticky-section-no\" data-id=\"52c2ed9\" data-element_type=\"section\">\n\t\t\t\t\t\t<div class=\"elementor-container elementor-column-gap-default\">\n\t\t\t\t\t<div class=\"elementor-column elementor-col-100 elementor-top-column elementor-element elementor-element-14e5d88\" data-id=\"14e5d88\" data-element_type=\"column\">\n\t\t\t<div class=\"elementor-widget-wrap\">\n\t\t\t\t\t\t\t<\/div>\n\t\t<\/div>\n\t\t\t\t\t<\/div>\n\t\t<\/section>\n\t\t\t\t<section class=\"elementor-section elementor-top-section elementor-element elementor-element-a3db2f8 elementor-section-boxed elementor-section-height-default elementor-section-height-default wpr-particle-no wpr-jarallax-no wpr-parallax-no wpr-sticky-section-no\" data-id=\"a3db2f8\" data-element_type=\"section\">\n\t\t\t\t\t\t<div class=\"elementor-container elementor-column-gap-default\">\n\t\t\t\t\t<div class=\"elementor-column elementor-col-100 elementor-top-column elementor-element elementor-element-788a7f5\" data-id=\"788a7f5\" data-element_type=\"column\">\n\t\t\t<div class=\"elementor-widget-wrap elementor-element-populated\">\n\t\t\t\t\t\t<div class=\"elementor-element elementor-element-6a69556 elementor-widget elementor-widget-heading bdevs-el heading\" data-id=\"6a69556\" data-element_type=\"widget\" data-settings=\"{&quot;design_style&quot;:&quot;style_4&quot;}\" data-widget_type=\"heading.default\">\n\t\t\t\t<div class=\"elementor-widget-container\">\n\t\t\t\r\n                           \r\n            <div class=\"section-title text-center bdevs-el-content extra_section-tp-1\">\r\n                                    <h2 class=\"section-title bdevs-el-title  bdevs-el-btn\">Kontaktiere uns<\/h2>\r\n                                     <div class=\"back-text\">\r\n                     <span class=\"bdevs-el-backtitle\">ANFRAGE<\/span>\r\n                  <\/div>\r\n                                              <\/div>\r\n           \r\n        \r\n        \t\t<\/div>\n\t\t\t\t<\/div>\n\t\t\t\t\t<\/div>\n\t\t<\/div>\n\t\t\t\t\t<\/div>\n\t\t<\/section>\n\t\t\t\t<section class=\"elementor-section elementor-top-section elementor-element elementor-element-91b9aac elementor-section-boxed elementor-section-height-default elementor-section-height-default wpr-particle-no wpr-jarallax-no wpr-parallax-no wpr-sticky-section-no\" data-id=\"91b9aac\" data-element_type=\"section\">\n\t\t\t\t\t\t<div class=\"elementor-container elementor-column-gap-default\">\n\t\t\t\t\t<div class=\"elementor-column elementor-col-100 elementor-top-column elementor-element elementor-element-45dc0d7\" data-id=\"45dc0d7\" data-element_type=\"column\">\n\t\t\t<div class=\"elementor-widget-wrap elementor-element-populated\">\n\t\t\t\t\t\t<div class=\"elementor-element elementor-element-f81d16e elementor-invisible elementor-widget elementor-widget-cf7 bdevs-el cf7\" data-id=\"f81d16e\" data-element_type=\"widget\" data-settings=\"{&quot;_animation&quot;:&quot;fadeIn&quot;,&quot;design_style&quot;:&quot;style_1&quot;}\" data-widget_type=\"cf7.default\">\n\t\t\t\t<div class=\"elementor-widget-container\">\n\t\t\t                 <!-- contact form area  -->\r\n        <div class=\"contact-form\">\r\n            <div class=\"contact-form-inner\">\r\n                <div class=\"container\">\r\n                    <div class=\"row wow fadeInUp2\">\r\n                                                <div class=\"col-xl-12\">\r\n                            <div class=\"sd-form tmd-form\">\r\n                                 \n<div class=\"wpcf7 no-js\" id=\"wpcf7-f676-o1\" lang=\"en-US\" dir=\"ltr\">\n<div class=\"screen-reader-response\"><p role=\"status\" aria-live=\"polite\" aria-atomic=\"true\"><\/p> <ul><\/ul><\/div>\n<form action=\"\/de\/wp-json\/wp\/v2\/pages\/3258#wpcf7-f676-o1\" method=\"post\" class=\"wpcf7-form init bdevs-cf7-form\" aria-label=\"Contact form\" novalidate=\"novalidate\" data-status=\"init\">\n<div style=\"display: none;\">\n<input type=\"hidden\" name=\"_wpcf7\" value=\"676\" \/>\n<input type=\"hidden\" name=\"_wpcf7_version\" value=\"5.9.8\" \/>\n<input type=\"hidden\" name=\"_wpcf7_locale\" value=\"en_US\" \/>\n<input type=\"hidden\" name=\"_wpcf7_unit_tag\" value=\"wpcf7-f676-o1\" \/>\n<input type=\"hidden\" name=\"_wpcf7_container_post\" value=\"0\" \/>\n<input type=\"hidden\" name=\"_wpcf7_posted_data_hash\" value=\"\" \/>\n<input type=\"hidden\" name=\"_wpcf7_recaptcha_response\" value=\"\" \/>\n<\/div>\n<div class=\"row\">\n\t<div class=\"col-lg-4\">\n\t\t<p><span class=\"wpcf7-form-control-wrap\" data-name=\"text-327\"><input size=\"40\" maxlength=\"400\" class=\"wpcf7-form-control wpcf7-text\" aria-invalid=\"false\" placeholder=\"Full name\" value=\"\" type=\"text\" name=\"text-327\" \/><\/span>\n\t\t<\/p>\n\t<\/div>\n\t<div class=\"col-lg-4\">\n\t\t<p><span class=\"wpcf7-form-control-wrap\" data-name=\"text-327\"><input size=\"40\" maxlength=\"400\" class=\"wpcf7-form-control wpcf7-text\" aria-invalid=\"false\" placeholder=\"Telephone\" value=\"\" type=\"text\" name=\"text-327\" \/><\/span>\n\t\t<\/p>\n\t<\/div>\n\t<div class=\"col-lg-4\">\n\t\t<p><span class=\"wpcf7-form-control-wrap\" data-name=\"email-497\"><input size=\"40\" maxlength=\"400\" class=\"wpcf7-form-control wpcf7-email wpcf7-text wpcf7-validates-as-email\" aria-invalid=\"false\" placeholder=\"E-mail\" value=\"\" type=\"email\" name=\"email-497\" \/><\/span>\n\t\t<\/p>\n\t<\/div>\n\t<div class=\"col-lg-12\">\n\t\t<p><span class=\"wpcf7-form-control-wrap\" data-name=\"message\"><textarea cols=\"40\" rows=\"10\" maxlength=\"2000\" class=\"wpcf7-form-control wpcf7-textarea message\" id=\"message\" aria-invalid=\"false\" placeholder=\"Message\" name=\"message\"><\/textarea><\/span>\n\t\t<\/p>\n\t<\/div>\n\t<div class=\"col-lg-12 text-center\">\n\t\t<p><button class=\"shutter-btn\" type=\"submit\">make an inquiry<\/button>\n\t\t<\/p>\n\t<\/div>\n<\/div><div class=\"wpcf7-response-output\" aria-hidden=\"true\"><\/div>\n<\/form>\n<\/div>\n                            <\/div>\r\n                        <\/div>\r\n                    <\/div>\r\n                <\/div>\r\n            <\/div>\r\n        <\/div>\r\n        <!-- contact form end -->\r\n    \r\n\r\n        \t\t<\/div>\n\t\t\t\t<\/div>\n\t\t\t\t\t<\/div>\n\t\t<\/div>\n\t\t\t\t\t<\/div>\n\t\t<\/section>\n\t\t\t\t<section class=\"elementor-section elementor-top-section elementor-element elementor-element-528689e elementor-section-boxed elementor-section-height-default elementor-section-height-default wpr-particle-no wpr-jarallax-no wpr-parallax-no wpr-sticky-section-no\" data-id=\"528689e\" data-element_type=\"section\" data-settings=\"{&quot;background_background&quot;:&quot;classic&quot;}\">\n\t\t\t\t\t\t<div class=\"elementor-container elementor-column-gap-default\">\n\t\t\t\t\t<div class=\"elementor-column elementor-col-100 elementor-top-column elementor-element elementor-element-7cb9052\" data-id=\"7cb9052\" data-element_type=\"column\">\n\t\t\t<div class=\"elementor-widget-wrap elementor-element-populated\">\n\t\t\t\t\t\t<div class=\"elementor-element elementor-element-6981808 elementor-widget elementor-widget-image\" data-id=\"6981808\" data-element_type=\"widget\" data-widget_type=\"image.default\">\n\t\t\t\t<div class=\"elementor-widget-container\">\n\t\t\t\t\t\t\t\t\t\t\t\t\t<img decoding=\"async\" width=\"300\" height=\"49\" src=\"https:\/\/coolsped.bg\/de\/wp-content\/uploads\/2022\/03\/coolsped_logo-1-300x49.png\" class=\"attachment-medium size-medium wp-image-2475\" alt=\"\" srcset=\"https:\/\/coolsped.bg\/de\/wp-content\/uploads\/2022\/03\/coolsped_logo-1-300x49.png 300w, https:\/\/coolsped.bg\/de\/wp-content\/uploads\/2022\/03\/coolsped_logo-1-768x125.png 768w, https:\/\/coolsped.bg\/de\/wp-content\/uploads\/2022\/03\/coolsped_logo-1.png 975w\" sizes=\"(max-width: 300px) 100vw, 300px\" \/>\t\t\t\t\t\t\t\t\t\t\t\t\t<\/div>\n\t\t\t\t<\/div>\n\t\t\t\t<div class=\"elementor-element elementor-element-b4db014 elementor-widget elementor-widget-text-editor\" data-id=\"b4db014\" data-element_type=\"widget\" data-widget_type=\"text-editor.default\">\n\t\t\t\t<div class=\"elementor-widget-container\">\n\t\t\t\t\t\t\t<p>Der Erfolg eines Unternehmens wird am beredtesten durch seine Ergebnisse und Leistungen unterstrichen.<\/p>\t\t\t\t\t\t<\/div>\n\t\t\t\t<\/div>\n\t\t\t\t\t<\/div>\n\t\t<\/div>\n\t\t\t\t\t<\/div>\n\t\t<\/section>\n\t\t\t\t<\/div>\n\t\t","protected":false},"excerpt":{"rendered":"<p>Sammeltransport INTERNATIONAL Coolsped bietet seinen Kunden die M\u00f6glichkeit, mehrere Ladungen f\u00fcr ein Ziel zu gruppieren. Diese Option erm\u00f6glicht es unseren Kunden, ihre Transportkosten beim Verkauf verschiedener Warenarten an alle Orte in der EU zu reduzieren. Aktuelle Trends in der Warenverteilung haben zu einer starken Zunahme von Sammel- oder Teilsendungen von Waren gef\u00fchrt. Unsere Sammelgutbetriebe bieten eine breite Palette von Dienstleistungen an, um die Bed\u00fcrfnisse unserer Kunden zu erf\u00fcllen. F\u00fcr nicht dringende oder planm\u00e4\u00dfige Frachttransporte k\u00f6nnen wir Ihre Fracht gruppieren und zu wettbewerbsf\u00e4higen Preisen liefern. Die Gruppierung wirkt sich in keiner Weise auf das Serviceniveau aus, wird aber so lange beibehalten, wie die Kosten f\u00fcr den Kunden minimiert werden. Kontaktiere uns ANFRAGE make an inquiry Der Erfolg eines Unternehmens wird am beredtesten durch seine Ergebnisse und Leistungen unterstrichen.<\/p>\n","protected":false},"author":1,"featured_media":0,"parent":0,"menu_order":0,"comment_status":"closed","ping_status":"closed","template":"elementor_header_footer","meta":{"_acf_changed":false,"footnotes":""},"class_list":["post-3258","page","type-page","status-publish","hentry"],"acf":[],"yoast_head":"<!-- This site is optimized with the Yoast SEO plugin v23.5 - https:\/\/yoast.com\/wordpress\/plugins\/seo\/ -->\n<title>Sammeltransport - Coolsped | Bewegen Sie sich mit uns: Transportdienste Sofia | G\u00fcterverkehr G\u00fcterverkehr K\u00fchltransport Europ\u00e4ische Union Transport Sofia<\/title>\n<meta name=\"description\" content=\"Sammeltransport\" \/>\n<meta name=\"robots\" content=\"index, follow, max-snippet:-1, max-image-preview:large, max-video-preview:-1\" \/>\n<link rel=\"canonical\" href=\"https:\/\/coolsped.bg\/de\/sammeltransport-2\/\" \/>\n<meta property=\"og:locale\" content=\"en_US\" \/>\n<meta property=\"og:type\" content=\"article\" \/>\n<meta property=\"og:title\" content=\"Sammeltransport - Coolsped | Bewegen Sie sich mit uns: Transportdienste Sofia | G\u00fcterverkehr G\u00fcterverkehr K\u00fchltransport Europ\u00e4ische Union Transport Sofia\" \/>\n<meta property=\"og:description\" content=\"Sammeltransport\" \/>\n<meta property=\"og:url\" content=\"https:\/\/coolsped.bg\/de\/sammeltransport-2\/\" \/>\n<meta property=\"og:site_name\" content=\"Coolsped | Bewegen Sie sich mit uns: Transportdienste Sofia | G\u00fcterverkehr G\u00fcterverkehr K\u00fchltransport Europ\u00e4ische Union Transport Sofia\" \/>\n<meta property=\"article:modified_time\" content=\"2022-06-30T08:04:51+00:00\" \/>\n<meta property=\"og:image\" content=\"https:\/\/coolsped.bg\/de\/wp-content\/uploads\/2022\/03\/mejdunaroden-grupiran-transport-1.jpg\" \/>\n<meta name=\"twitter:card\" content=\"summary_large_image\" \/>\n<meta name=\"twitter:label1\" content=\"Est. reading time\" \/>\n\t<meta name=\"twitter:data1\" content=\"1 minute\" \/>\n<script type=\"application\/ld+json\" class=\"yoast-schema-graph\">{\"@context\":\"https:\/\/schema.org\",\"@graph\":[{\"@type\":\"WebPage\",\"@id\":\"https:\/\/coolsped.bg\/de\/sammeltransport-2\/\",\"url\":\"https:\/\/coolsped.bg\/de\/sammeltransport-2\/\",\"name\":\"Sammeltransport - Coolsped | Bewegen Sie sich mit uns: Transportdienste Sofia | G\u00fcterverkehr G\u00fcterverkehr K\u00fchltransport Europ\u00e4ische Union Transport Sofia\",\"isPartOf\":{\"@id\":\"https:\/\/coolsped.bg\/de\/#website\"},\"primaryImageOfPage\":{\"@id\":\"https:\/\/coolsped.bg\/de\/sammeltransport-2\/#primaryimage\"},\"image\":{\"@id\":\"https:\/\/coolsped.bg\/de\/sammeltransport-2\/#primaryimage\"},\"thumbnailUrl\":\"https:\/\/coolsped.bg\/de\/wp-content\/uploads\/2022\/03\/mejdunaroden-grupiran-transport-1.jpg\",\"datePublished\":\"2022-03-22T07:28:35+00:00\",\"dateModified\":\"2022-06-30T08:04:51+00:00\",\"description\":\"Sammeltransport\",\"breadcrumb\":{\"@id\":\"https:\/\/coolsped.bg\/de\/sammeltransport-2\/#breadcrumb\"},\"inLanguage\":\"en-US\",\"potentialAction\":[{\"@type\":\"ReadAction\",\"target\":[\"https:\/\/coolsped.bg\/de\/sammeltransport-2\/\"]}]},{\"@type\":\"ImageObject\",\"inLanguage\":\"en-US\",\"@id\":\"https:\/\/coolsped.bg\/de\/sammeltransport-2\/#primaryimage\",\"url\":\"https:\/\/coolsped.bg\/de\/wp-content\/uploads\/2022\/03\/mejdunaroden-grupiran-transport-1.jpg\",\"contentUrl\":\"https:\/\/coolsped.bg\/de\/wp-content\/uploads\/2022\/03\/mejdunaroden-grupiran-transport-1.jpg\",\"width\":1024,\"height\":600,\"caption\":\"Sammeltransport\"},{\"@type\":\"BreadcrumbList\",\"@id\":\"https:\/\/coolsped.bg\/de\/sammeltransport-2\/#breadcrumb\",\"itemListElement\":[{\"@type\":\"ListItem\",\"position\":1,\"name\":\"Home\",\"item\":\"https:\/\/coolsped.bg\/de\/\"},{\"@type\":\"ListItem\",\"position\":2,\"name\":\"Sammeltransport\"}]},{\"@type\":\"WebSite\",\"@id\":\"https:\/\/coolsped.bg\/de\/#website\",\"url\":\"https:\/\/coolsped.bg\/de\/\",\"name\":\"Coolsped | Bewegen Sie sich mit uns: Transportdienste Sofia | G\u00fcterverkehr G\u00fcterverkehr K\u00fchltransport Europ\u00e4ische Union Transport Sofia\",\"description\":\"Transportunternehmen, das K\u00fchltransporte, Transportdienstleistungen, G\u00fctertransporte, G\u00fctertransporte, das Land und die EU anbietet.\",\"publisher\":{\"@id\":\"https:\/\/coolsped.bg\/de\/#organization\"},\"potentialAction\":[{\"@type\":\"SearchAction\",\"target\":{\"@type\":\"EntryPoint\",\"urlTemplate\":\"https:\/\/coolsped.bg\/de\/?s={search_term_string}\"},\"query-input\":{\"@type\":\"PropertyValueSpecification\",\"valueRequired\":true,\"valueName\":\"search_term_string\"}}],\"inLanguage\":\"en-US\"},{\"@type\":\"Organization\",\"@id\":\"https:\/\/coolsped.bg\/de\/#organization\",\"name\":\"CoolSped Ltd\",\"url\":\"https:\/\/coolsped.bg\/de\/\",\"logo\":{\"@type\":\"ImageObject\",\"inLanguage\":\"en-US\",\"@id\":\"https:\/\/coolsped.bg\/de\/#\/schema\/logo\/image\/\",\"url\":\"https:\/\/coolsped.bg\/de\/wp-content\/uploads\/2022\/03\/coolsped_logo-2.png\",\"contentUrl\":\"https:\/\/coolsped.bg\/de\/wp-content\/uploads\/2022\/03\/coolsped_logo-2.png\",\"width\":372,\"height\":60,\"caption\":\"CoolSped Ltd\"},\"image\":{\"@id\":\"https:\/\/coolsped.bg\/de\/#\/schema\/logo\/image\/\"}}]}<\/script>\n<!-- \/ Yoast SEO plugin. -->","yoast_head_json":{"title":"Sammeltransport - Coolsped | Bewegen Sie sich mit uns: Transportdienste Sofia | G\u00fcterverkehr G\u00fcterverkehr K\u00fchltransport Europ\u00e4ische Union Transport Sofia","description":"Sammeltransport","robots":{"index":"index","follow":"follow","max-snippet":"max-snippet:-1","max-image-preview":"max-image-preview:large","max-video-preview":"max-video-preview:-1"},"canonical":"https:\/\/coolsped.bg\/de\/sammeltransport-2\/","og_locale":"en_US","og_type":"article","og_title":"Sammeltransport - Coolsped | Bewegen Sie sich mit uns: Transportdienste Sofia | G\u00fcterverkehr G\u00fcterverkehr K\u00fchltransport Europ\u00e4ische Union Transport Sofia","og_description":"Sammeltransport","og_url":"https:\/\/coolsped.bg\/de\/sammeltransport-2\/","og_site_name":"Coolsped | Bewegen Sie sich mit uns: Transportdienste Sofia | G\u00fcterverkehr G\u00fcterverkehr K\u00fchltransport Europ\u00e4ische Union Transport Sofia","article_modified_time":"2022-06-30T08:04:51+00:00","og_image":[{"url":"https:\/\/coolsped.bg\/de\/wp-content\/uploads\/2022\/03\/mejdunaroden-grupiran-transport-1.jpg"}],"twitter_card":"summary_large_image","twitter_misc":{"Est. reading time":"1 minute"},"schema":{"@context":"https:\/\/schema.org","@graph":[{"@type":"WebPage","@id":"https:\/\/coolsped.bg\/de\/sammeltransport-2\/","url":"https:\/\/coolsped.bg\/de\/sammeltransport-2\/","name":"Sammeltransport - Coolsped | Bewegen Sie sich mit uns: Transportdienste Sofia | G\u00fcterverkehr G\u00fcterverkehr K\u00fchltransport Europ\u00e4ische Union Transport Sofia","isPartOf":{"@id":"https:\/\/coolsped.bg\/de\/#website"},"primaryImageOfPage":{"@id":"https:\/\/coolsped.bg\/de\/sammeltransport-2\/#primaryimage"},"image":{"@id":"https:\/\/coolsped.bg\/de\/sammeltransport-2\/#primaryimage"},"thumbnailUrl":"https:\/\/coolsped.bg\/de\/wp-content\/uploads\/2022\/03\/mejdunaroden-grupiran-transport-1.jpg","datePublished":"2022-03-22T07:28:35+00:00","dateModified":"2022-06-30T08:04:51+00:00","description":"Sammeltransport","breadcrumb":{"@id":"https:\/\/coolsped.bg\/de\/sammeltransport-2\/#breadcrumb"},"inLanguage":"en-US","potentialAction":[{"@type":"ReadAction","target":["https:\/\/coolsped.bg\/de\/sammeltransport-2\/"]}]},{"@type":"ImageObject","inLanguage":"en-US","@id":"https:\/\/coolsped.bg\/de\/sammeltransport-2\/#primaryimage","url":"https:\/\/coolsped.bg\/de\/wp-content\/uploads\/2022\/03\/mejdunaroden-grupiran-transport-1.jpg","contentUrl":"https:\/\/coolsped.bg\/de\/wp-content\/uploads\/2022\/03\/mejdunaroden-grupiran-transport-1.jpg","width":1024,"height":600,"caption":"Sammeltransport"},{"@type":"BreadcrumbList","@id":"https:\/\/coolsped.bg\/de\/sammeltransport-2\/#breadcrumb","itemListElement":[{"@type":"ListItem","position":1,"name":"Home","item":"https:\/\/coolsped.bg\/de\/"},{"@type":"ListItem","position":2,"name":"Sammeltransport"}]},{"@type":"WebSite","@id":"https:\/\/coolsped.bg\/de\/#website","url":"https:\/\/coolsped.bg\/de\/","name":"Coolsped | Bewegen Sie sich mit uns: Transportdienste Sofia | G\u00fcterverkehr G\u00fcterverkehr K\u00fchltransport Europ\u00e4ische Union Transport Sofia","description":"Transportunternehmen, das K\u00fchltransporte, Transportdienstleistungen, G\u00fctertransporte, G\u00fctertransporte, das Land und die EU anbietet.","publisher":{"@id":"https:\/\/coolsped.bg\/de\/#organization"},"potentialAction":[{"@type":"SearchAction","target":{"@type":"EntryPoint","urlTemplate":"https:\/\/coolsped.bg\/de\/?s={search_term_string}"},"query-input":{"@type":"PropertyValueSpecification","valueRequired":true,"valueName":"search_term_string"}}],"inLanguage":"en-US"},{"@type":"Organization","@id":"https:\/\/coolsped.bg\/de\/#organization","name":"CoolSped Ltd","url":"https:\/\/coolsped.bg\/de\/","logo":{"@type":"ImageObject","inLanguage":"en-US","@id":"https:\/\/coolsped.bg\/de\/#\/schema\/logo\/image\/","url":"https:\/\/coolsped.bg\/de\/wp-content\/uploads\/2022\/03\/coolsped_logo-2.png","contentUrl":"https:\/\/coolsped.bg\/de\/wp-content\/uploads\/2022\/03\/coolsped_logo-2.png","width":372,"height":60,"caption":"CoolSped Ltd"},"image":{"@id":"https:\/\/coolsped.bg\/de\/#\/schema\/logo\/image\/"}}]}},"_links":{"self":[{"href":"https:\/\/coolsped.bg\/de\/wp-json\/wp\/v2\/pages\/3258","targetHints":{"allow":["GET"]}}],"collection":[{"href":"https:\/\/coolsped.bg\/de\/wp-json\/wp\/v2\/pages"}],"about":[{"href":"https:\/\/coolsped.bg\/de\/wp-json\/wp\/v2\/types\/page"}],"author":[{"embeddable":true,"href":"https:\/\/coolsped.bg\/de\/wp-json\/wp\/v2\/users\/1"}],"replies":[{"embeddable":true,"href":"https:\/\/coolsped.bg\/de\/wp-json\/wp\/v2\/comments?post=3258"}],"version-history":[{"count":34,"href":"https:\/\/coolsped.bg\/de\/wp-json\/wp\/v2\/pages\/3258\/revisions"}],"predecessor-version":[{"id":4560,"href":"https:\/\/coolsped.bg\/de\/wp-json\/wp\/v2\/pages\/3258\/revisions\/4560"}],"wp:attachment":[{"href":"https:\/\/coolsped.bg\/de\/wp-json\/wp\/v2\/media?parent=3258"}],"curies":[{"name":"wp","href":"https:\/\/api.w.org\/{rel}","templated":true}]}}