{"id":3209,"date":"2022-03-21T12:46:29","date_gmt":"2022-03-21T12:46:29","guid":{"rendered":"https:\/\/coolsped.bg\/de\/?page_id=3209"},"modified":"2023-09-27T13:51:59","modified_gmt":"2023-09-27T13:51:59","slug":"jobs","status":"publish","type":"page","link":"https:\/\/coolsped.bg\/de\/jobs\/","title":{"rendered":"Jobs"},"content":{"rendered":"\t\t<div data-elementor-type=\"wp-page\" data-elementor-id=\"3209\" class=\"elementor elementor-3209\">\n\t\t\t\t\t\t<section class=\"wpr-jarallax elementor-section elementor-top-section elementor-element elementor-element-c2785b9 elementor-section-height-full wpr-jarallax-yes elementor-hidden-mobile elementor-section-boxed elementor-section-height-default elementor-section-items-middle wpr-sticky-section-no\" speed-data=\"0.4\" bg-image=\"\" scroll-effect=\"scroll\" data-id=\"c2785b9\" data-element_type=\"section\" data-settings=\"{&quot;background_background&quot;:&quot;slideshow&quot;,&quot;shape_divider_bottom&quot;:&quot;tilt&quot;,&quot;background_slideshow_gallery&quot;:[{&quot;id&quot;:3215,&quot;url&quot;:&quot;https:\\\/\\\/coolsped.bg\\\/de\\\/wp-content\\\/uploads\\\/2022\\\/03\\\/careers.jpg&quot;}],&quot;background_slideshow_slide_duration&quot;:5000,&quot;background_slideshow_slide_transition&quot;:&quot;fade&quot;,&quot;background_slideshow_transition_duration&quot;:500}\">\n\t\t\t\t\t\t\t<div class=\"elementor-background-overlay\"><\/div>\n\t\t\t\t\t\t<div class=\"elementor-shape elementor-shape-bottom\" data-negative=\"false\">\n\t\t\t<svg xmlns=\"http:\/\/www.w3.org\/2000\/svg\" viewBox=\"0 0 1000 100\" preserveAspectRatio=\"none\">\n\t<path class=\"elementor-shape-fill\" d=\"M0,6V0h1000v100L0,6z\"\/>\n<\/svg>\t\t<\/div>\n\t\t\t\t\t<div class=\"elementor-container elementor-column-gap-default\">\n\t\t\t\t\t<div class=\"elementor-column elementor-col-100 elementor-top-column elementor-element elementor-element-e1effaa\" data-id=\"e1effaa\" data-element_type=\"column\" data-settings=\"{&quot;background_background&quot;:&quot;classic&quot;}\">\n\t\t\t<div class=\"elementor-widget-wrap elementor-element-populated\">\n\t\t\t\t\t\t<div class=\"elementor-element elementor-element-e186f83 elementor-widget elementor-widget-heading bdevs-el heading\" data-id=\"e186f83\" data-element_type=\"widget\" data-settings=\"{&quot;design_style&quot;:&quot;style_1&quot;}\" data-widget_type=\"heading.default\">\n\t\t\t\t<div class=\"elementor-widget-container\">\n\t\t\t\r\n        \r\n                            <div class=\"section-title-wrapper section-title-pl-55 bdevs-el-content\">\r\n                                        <h2 class=\"section-title bdevs-el-title  bdevs-el-btn\">Jobs<\/h2>                                    <\/div>\r\n\r\n                    \r\n        \t\t<\/div>\n\t\t\t\t<\/div>\n\t\t\t\t\t<\/div>\n\t\t<\/div>\n\t\t\t\t\t<\/div>\n\t\t<\/section>\n\t\t\t\t<section class=\"wpr-jarallax elementor-section elementor-top-section elementor-element elementor-element-edd5061 elementor-section-height-min-height wpr-jarallax-yes elementor-hidden-desktop elementor-section-boxed elementor-section-height-default elementor-section-items-middle wpr-sticky-section-no\" speed-data=\"0.4\" bg-image=\"\" scroll-effect=\"scroll\" data-id=\"edd5061\" data-element_type=\"section\" data-settings=\"{&quot;background_background&quot;:&quot;classic&quot;,&quot;shape_divider_bottom&quot;:&quot;tilt&quot;}\">\n\t\t\t\t\t\t\t<div class=\"elementor-background-overlay\"><\/div>\n\t\t\t\t\t\t<div class=\"elementor-shape elementor-shape-bottom\" data-negative=\"false\">\n\t\t\t<svg xmlns=\"http:\/\/www.w3.org\/2000\/svg\" viewBox=\"0 0 1000 100\" preserveAspectRatio=\"none\">\n\t<path class=\"elementor-shape-fill\" d=\"M0,6V0h1000v100L0,6z\"\/>\n<\/svg>\t\t<\/div>\n\t\t\t\t\t<div class=\"elementor-container elementor-column-gap-default\">\n\t\t\t\t\t<div class=\"elementor-column elementor-col-100 elementor-top-column elementor-element elementor-element-88644c0\" data-id=\"88644c0\" data-element_type=\"column\" data-settings=\"{&quot;background_background&quot;:&quot;classic&quot;}\">\n\t\t\t<div class=\"elementor-widget-wrap elementor-element-populated\">\n\t\t\t\t\t\t<div class=\"elementor-element elementor-element-83bf6fc elementor-widget elementor-widget-heading bdevs-el heading\" data-id=\"83bf6fc\" data-element_type=\"widget\" data-settings=\"{&quot;design_style&quot;:&quot;style_1&quot;}\" data-widget_type=\"heading.default\">\n\t\t\t\t<div class=\"elementor-widget-container\">\n\t\t\t\r\n        \r\n                            <div class=\"section-title-wrapper section-title-pl-55 bdevs-el-content\">\r\n                                        <h2 class=\"section-title bdevs-el-title  bdevs-el-btn\">Jobs<\/h2>                                    <\/div>\r\n\r\n                    \r\n        \t\t<\/div>\n\t\t\t\t<\/div>\n\t\t\t\t\t<\/div>\n\t\t<\/div>\n\t\t\t\t\t<\/div>\n\t\t<\/section>\n\t\t\t\t<section class=\"elementor-section elementor-top-section elementor-element elementor-element-d242124 elementor-section-boxed elementor-section-height-default elementor-section-height-default wpr-particle-no wpr-jarallax-no wpr-parallax-no wpr-sticky-section-no\" data-id=\"d242124\" data-element_type=\"section\" data-settings=\"{&quot;background_background&quot;:&quot;classic&quot;}\">\n\t\t\t\t\t\t<div class=\"elementor-container elementor-column-gap-default\">\n\t\t\t\t\t<div class=\"elementor-column elementor-col-100 elementor-top-column elementor-element elementor-element-e4766df\" data-id=\"e4766df\" data-element_type=\"column\">\n\t\t\t<div class=\"elementor-widget-wrap elementor-element-populated\">\n\t\t\t\t\t\t<div class=\"elementor-element elementor-element-1c68c07 elementor-widget elementor-widget-text-editor\" data-id=\"1c68c07\" data-element_type=\"widget\" data-widget_type=\"text-editor.default\">\n\t\t\t\t<div class=\"elementor-widget-container\">\n\t\t\t\t\t\t\t<p>Wenn Sie unsere &#8220;Team&#8221;-Qualit\u00e4ten wiedererkennen, kommen Sie zu uns und begleiten Sie uns auf dem spannenden und dynamischen Weg des gemeinsamen Erfolgs. Sie k\u00f6nnen uns Ihren Lebenslauf direkt zusenden, und wir werden uns mit Ihnen in Verbindung setzen, wenn eine geeignete Stelle frei wird. Unser Unternehmen begegnet den Bem\u00fchungen und der Arbeit seines Teams mit Dankbarkeit und Sorgfalt<\/p>\t\t\t\t\t\t<\/div>\n\t\t\t\t<\/div>\n\t\t\t\t\t<\/div>\n\t\t<\/div>\n\t\t\t\t\t<\/div>\n\t\t<\/section>\n\t\t\t\t<section class=\"elementor-section elementor-top-section elementor-element elementor-element-38e6d2b0 elementor-section-boxed elementor-section-height-default elementor-section-height-default wpr-particle-no wpr-jarallax-no wpr-parallax-no wpr-sticky-section-no\" data-id=\"38e6d2b0\" data-element_type=\"section\" id=\"xs_cta_style_12\">\n\t\t\t\t\t\t<div class=\"elementor-container elementor-column-gap-default\">\n\t\t\t\t\t<div class=\"elementor-column elementor-col-100 elementor-top-column elementor-element elementor-element-3fdd3591\" data-id=\"3fdd3591\" data-element_type=\"column\">\n\t\t\t<div class=\"elementor-widget-wrap elementor-element-populated\">\n\t\t\t\t\t\t<section class=\"elementor-section elementor-inner-section elementor-element elementor-element-5d167824 elementor-section-full_width elementor-section-height-default elementor-section-height-default wpr-particle-no wpr-jarallax-no wpr-parallax-no wpr-sticky-section-no\" data-id=\"5d167824\" data-element_type=\"section\">\n\t\t\t\t\t\t\t<div class=\"elementor-background-overlay\"><\/div>\n\t\t\t\t\t\t\t<div class=\"elementor-container elementor-column-gap-default\">\n\t\t\t\t\t<div class=\"elementor-column elementor-col-100 elementor-inner-column elementor-element elementor-element-5fca0f90\" data-id=\"5fca0f90\" data-element_type=\"column\">\n\t\t\t<div class=\"elementor-widget-wrap elementor-element-populated\">\n\t\t\t\t\t\t<div class=\"elementor-element elementor-element-6a3c58b3 elementor-widget elementor-widget-elementskit-button\" data-id=\"6a3c58b3\" data-element_type=\"widget\" data-widget_type=\"elementskit-button.default\">\n\t\t\t\t<div class=\"elementor-widget-container\">\n\t\t\t<div class=\"ekit-wid-con\" >\t\t<div class=\"ekit-btn-wraper\">\n\t\t\t\t\t\t\t<a href=\"\/new\/contact\" class=\"elementskit-btn  whitespace--normal\" id=\"\">\n\t\t\t\t\tKontaktieren Sie uns<i aria-hidden=\"true\" class=\"fasicon icon-right-arrow\"><\/i>\t\t\t\t<\/a>\n\t\t\t\t\t<\/div>\n        <\/div>\t\t<\/div>\n\t\t\t\t<\/div>\n\t\t\t\t\t<\/div>\n\t\t<\/div>\n\t\t\t\t\t<\/div>\n\t\t<\/section>\n\t\t\t\t\t<\/div>\n\t\t<\/div>\n\t\t\t\t\t<\/div>\n\t\t<\/section>\n\t\t\t\t<section class=\"elementor-section elementor-top-section elementor-element elementor-element-b4abaab elementor-section-boxed elementor-section-height-default elementor-section-height-default wpr-particle-no wpr-jarallax-no wpr-parallax-no wpr-sticky-section-no\" data-id=\"b4abaab\" data-element_type=\"section\">\n\t\t\t\t\t\t<div class=\"elementor-container elementor-column-gap-default\">\n\t\t\t\t\t<div class=\"elementor-column elementor-col-100 elementor-top-column elementor-element elementor-element-ba06370\" data-id=\"ba06370\" data-element_type=\"column\">\n\t\t\t<div class=\"elementor-widget-wrap\">\n\t\t\t\t\t\t\t<\/div>\n\t\t<\/div>\n\t\t\t\t\t<\/div>\n\t\t<\/section>\n\t\t\t\t<section class=\"elementor-section elementor-top-section elementor-element elementor-element-7ca0c0460 elementor-section-boxed elementor-section-height-default elementor-section-height-default wpr-particle-no wpr-jarallax-no wpr-parallax-no wpr-sticky-section-no\" data-id=\"7ca0c0460\" data-element_type=\"section\" data-settings=\"{&quot;background_background&quot;:&quot;classic&quot;}\">\n\t\t\t\t\t\t<div class=\"elementor-container elementor-column-gap-default\">\n\t\t\t\t\t<div class=\"elementor-column elementor-col-100 elementor-top-column elementor-element elementor-element-6855d328\" data-id=\"6855d328\" data-element_type=\"column\">\n\t\t\t<div class=\"elementor-widget-wrap elementor-element-populated\">\n\t\t\t\t\t\t<div class=\"elementor-element elementor-element-cd4c43a elementor-widget elementor-widget-image\" data-id=\"cd4c43a\" data-element_type=\"widget\" data-widget_type=\"image.default\">\n\t\t\t\t<div class=\"elementor-widget-container\">\n\t\t\t\t\t\t\t\t\t\t\t\t\t<img fetchpriority=\"high\" decoding=\"async\" width=\"640\" height=\"104\" src=\"https:\/\/coolsped.bg\/de\/wp-content\/uploads\/2022\/03\/coolsped_logo-1-768x125.png\" class=\"attachment-medium_large size-medium_large wp-image-2475\" alt=\"\" srcset=\"https:\/\/coolsped.bg\/de\/wp-content\/uploads\/2022\/03\/coolsped_logo-1-768x125.png 768w, https:\/\/coolsped.bg\/de\/wp-content\/uploads\/2022\/03\/coolsped_logo-1-300x49.png 300w, https:\/\/coolsped.bg\/de\/wp-content\/uploads\/2022\/03\/coolsped_logo-1.png 975w\" sizes=\"(max-width: 640px) 100vw, 640px\" \/>\t\t\t\t\t\t\t\t\t\t\t\t\t<\/div>\n\t\t\t\t<\/div>\n\t\t\t\t<div class=\"elementor-element elementor-element-a3592ef elementor-widget elementor-widget-text-editor\" data-id=\"a3592ef\" data-element_type=\"widget\" data-widget_type=\"text-editor.default\">\n\t\t\t\t<div class=\"elementor-widget-container\">\n\t\t\t\t\t\t\t<p>Gemeinsam schaffen wir!<\/p>\t\t\t\t\t\t<\/div>\n\t\t\t\t<\/div>\n\t\t\t\t\t<\/div>\n\t\t<\/div>\n\t\t\t\t\t<\/div>\n\t\t<\/section>\n\t\t\t\t<\/div>\n\t\t","protected":false},"excerpt":{"rendered":"<p>Jobs Jobs Wenn Sie unsere &#8220;Team&#8221;-Qualit\u00e4ten wiedererkennen, kommen Sie zu uns und begleiten Sie uns auf dem spannenden und dynamischen Weg des gemeinsamen Erfolgs. Sie k\u00f6nnen uns Ihren Lebenslauf direkt zusenden, und wir werden uns mit Ihnen in Verbindung setzen, wenn eine geeignete Stelle frei wird. Unser Unternehmen begegnet den Bem\u00fchungen und der Arbeit seines Teams mit Dankbarkeit und Sorgfalt Kontaktieren Sie uns Gemeinsam schaffen wir!<\/p>\n","protected":false},"author":1,"featured_media":0,"parent":0,"menu_order":0,"comment_status":"closed","ping_status":"closed","template":"elementor_header_footer","meta":{"_acf_changed":false,"footnotes":""},"class_list":["post-3209","page","type-page","status-publish","hentry"],"acf":[],"yoast_head":"<!-- This site is optimized with the Yoast SEO plugin v23.5 - https:\/\/yoast.com\/wordpress\/plugins\/seo\/ -->\n<title>Jobs - Coolsped | Bewegen Sie sich mit uns: Transportdienste Sofia | G\u00fcterverkehr G\u00fcterverkehr K\u00fchltransport Europ\u00e4ische Union Transport Sofia<\/title>\n<meta name=\"robots\" content=\"index, follow, max-snippet:-1, max-image-preview:large, max-video-preview:-1\" \/>\n<link rel=\"canonical\" href=\"https:\/\/coolsped.bg\/de\/jobs\/\" \/>\n<meta property=\"og:locale\" content=\"en_US\" \/>\n<meta property=\"og:type\" content=\"article\" \/>\n<meta property=\"og:title\" content=\"Jobs - Coolsped | Bewegen Sie sich mit uns: Transportdienste Sofia | G\u00fcterverkehr G\u00fcterverkehr K\u00fchltransport Europ\u00e4ische Union Transport Sofia\" \/>\n<meta property=\"og:description\" content=\"Jobs Jobs Wenn Sie unsere &#8220;Team&#8221;-Qualit\u00e4ten wiedererkennen, kommen Sie zu uns und begleiten Sie uns auf dem spannenden und dynamischen Weg des gemeinsamen Erfolgs. Sie k\u00f6nnen uns Ihren Lebenslauf direkt zusenden, und wir werden uns mit Ihnen in Verbindung setzen, wenn eine geeignete Stelle frei wird. Unser Unternehmen begegnet den Bem\u00fchungen und der Arbeit seines Teams mit Dankbarkeit und Sorgfalt Kontaktieren Sie uns Gemeinsam schaffen wir!\" \/>\n<meta property=\"og:url\" content=\"https:\/\/coolsped.bg\/de\/jobs\/\" \/>\n<meta property=\"og:site_name\" content=\"Coolsped | Bewegen Sie sich mit uns: Transportdienste Sofia | G\u00fcterverkehr G\u00fcterverkehr K\u00fchltransport Europ\u00e4ische Union Transport Sofia\" \/>\n<meta property=\"article:modified_time\" content=\"2023-09-27T13:51:59+00:00\" \/>\n<meta property=\"og:image\" content=\"https:\/\/coolsped.bg\/de\/wp-content\/uploads\/2022\/03\/coolsped_logo-1-768x125.png\" \/>\n<meta name=\"twitter:card\" content=\"summary_large_image\" \/>\n<meta name=\"twitter:label1\" content=\"Est. reading time\" \/>\n\t<meta name=\"twitter:data1\" content=\"1 minute\" \/>\n<script type=\"application\/ld+json\" class=\"yoast-schema-graph\">{\"@context\":\"https:\/\/schema.org\",\"@graph\":[{\"@type\":\"WebPage\",\"@id\":\"https:\/\/coolsped.bg\/de\/jobs\/\",\"url\":\"https:\/\/coolsped.bg\/de\/jobs\/\",\"name\":\"Jobs - Coolsped | Bewegen Sie sich mit uns: Transportdienste Sofia | G\u00fcterverkehr G\u00fcterverkehr K\u00fchltransport Europ\u00e4ische Union Transport Sofia\",\"isPartOf\":{\"@id\":\"https:\/\/coolsped.bg\/de\/#website\"},\"primaryImageOfPage\":{\"@id\":\"https:\/\/coolsped.bg\/de\/jobs\/#primaryimage\"},\"image\":{\"@id\":\"https:\/\/coolsped.bg\/de\/jobs\/#primaryimage\"},\"thumbnailUrl\":\"https:\/\/coolsped.bg\/de\/wp-content\/uploads\/2022\/03\/coolsped_logo-1-768x125.png\",\"datePublished\":\"2022-03-21T12:46:29+00:00\",\"dateModified\":\"2023-09-27T13:51:59+00:00\",\"breadcrumb\":{\"@id\":\"https:\/\/coolsped.bg\/de\/jobs\/#breadcrumb\"},\"inLanguage\":\"en-US\",\"potentialAction\":[{\"@type\":\"ReadAction\",\"target\":[\"https:\/\/coolsped.bg\/de\/jobs\/\"]}]},{\"@type\":\"ImageObject\",\"inLanguage\":\"en-US\",\"@id\":\"https:\/\/coolsped.bg\/de\/jobs\/#primaryimage\",\"url\":\"https:\/\/coolsped.bg\/de\/wp-content\/uploads\/2022\/03\/coolsped_logo-1.png\",\"contentUrl\":\"https:\/\/coolsped.bg\/de\/wp-content\/uploads\/2022\/03\/coolsped_logo-1.png\",\"width\":975,\"height\":159},{\"@type\":\"BreadcrumbList\",\"@id\":\"https:\/\/coolsped.bg\/de\/jobs\/#breadcrumb\",\"itemListElement\":[{\"@type\":\"ListItem\",\"position\":1,\"name\":\"Home\",\"item\":\"https:\/\/coolsped.bg\/de\/\"},{\"@type\":\"ListItem\",\"position\":2,\"name\":\"Jobs\"}]},{\"@type\":\"WebSite\",\"@id\":\"https:\/\/coolsped.bg\/de\/#website\",\"url\":\"https:\/\/coolsped.bg\/de\/\",\"name\":\"Coolsped | Bewegen Sie sich mit uns: Transportdienste Sofia | G\u00fcterverkehr G\u00fcterverkehr K\u00fchltransport Europ\u00e4ische Union Transport Sofia\",\"description\":\"Transportunternehmen, das K\u00fchltransporte, Transportdienstleistungen, G\u00fctertransporte, G\u00fctertransporte, das Land und die EU anbietet.\",\"publisher\":{\"@id\":\"https:\/\/coolsped.bg\/de\/#organization\"},\"potentialAction\":[{\"@type\":\"SearchAction\",\"target\":{\"@type\":\"EntryPoint\",\"urlTemplate\":\"https:\/\/coolsped.bg\/de\/?s={search_term_string}\"},\"query-input\":{\"@type\":\"PropertyValueSpecification\",\"valueRequired\":true,\"valueName\":\"search_term_string\"}}],\"inLanguage\":\"en-US\"},{\"@type\":\"Organization\",\"@id\":\"https:\/\/coolsped.bg\/de\/#organization\",\"name\":\"CoolSped Ltd\",\"url\":\"https:\/\/coolsped.bg\/de\/\",\"logo\":{\"@type\":\"ImageObject\",\"inLanguage\":\"en-US\",\"@id\":\"https:\/\/coolsped.bg\/de\/#\/schema\/logo\/image\/\",\"url\":\"https:\/\/coolsped.bg\/de\/wp-content\/uploads\/2022\/03\/coolsped_logo-2.png\",\"contentUrl\":\"https:\/\/coolsped.bg\/de\/wp-content\/uploads\/2022\/03\/coolsped_logo-2.png\",\"width\":372,\"height\":60,\"caption\":\"CoolSped Ltd\"},\"image\":{\"@id\":\"https:\/\/coolsped.bg\/de\/#\/schema\/logo\/image\/\"}}]}<\/script>\n<!-- \/ Yoast SEO plugin. -->","yoast_head_json":{"title":"Jobs - Coolsped | Bewegen Sie sich mit uns: Transportdienste Sofia | G\u00fcterverkehr G\u00fcterverkehr K\u00fchltransport Europ\u00e4ische Union Transport Sofia","robots":{"index":"index","follow":"follow","max-snippet":"max-snippet:-1","max-image-preview":"max-image-preview:large","max-video-preview":"max-video-preview:-1"},"canonical":"https:\/\/coolsped.bg\/de\/jobs\/","og_locale":"en_US","og_type":"article","og_title":"Jobs - Coolsped | Bewegen Sie sich mit uns: Transportdienste Sofia | G\u00fcterverkehr G\u00fcterverkehr K\u00fchltransport Europ\u00e4ische Union Transport Sofia","og_description":"Jobs Jobs Wenn Sie unsere &#8220;Team&#8221;-Qualit\u00e4ten wiedererkennen, kommen Sie zu uns und begleiten Sie uns auf dem spannenden und dynamischen Weg des gemeinsamen Erfolgs. Sie k\u00f6nnen uns Ihren Lebenslauf direkt zusenden, und wir werden uns mit Ihnen in Verbindung setzen, wenn eine geeignete Stelle frei wird. Unser Unternehmen begegnet den Bem\u00fchungen und der Arbeit seines Teams mit Dankbarkeit und Sorgfalt Kontaktieren Sie uns Gemeinsam schaffen wir!","og_url":"https:\/\/coolsped.bg\/de\/jobs\/","og_site_name":"Coolsped | Bewegen Sie sich mit uns: Transportdienste Sofia | G\u00fcterverkehr G\u00fcterverkehr K\u00fchltransport Europ\u00e4ische Union Transport Sofia","article_modified_time":"2023-09-27T13:51:59+00:00","og_image":[{"url":"https:\/\/coolsped.bg\/de\/wp-content\/uploads\/2022\/03\/coolsped_logo-1-768x125.png"}],"twitter_card":"summary_large_image","twitter_misc":{"Est. reading time":"1 minute"},"schema":{"@context":"https:\/\/schema.org","@graph":[{"@type":"WebPage","@id":"https:\/\/coolsped.bg\/de\/jobs\/","url":"https:\/\/coolsped.bg\/de\/jobs\/","name":"Jobs - Coolsped | Bewegen Sie sich mit uns: Transportdienste Sofia | G\u00fcterverkehr G\u00fcterverkehr K\u00fchltransport Europ\u00e4ische Union Transport Sofia","isPartOf":{"@id":"https:\/\/coolsped.bg\/de\/#website"},"primaryImageOfPage":{"@id":"https:\/\/coolsped.bg\/de\/jobs\/#primaryimage"},"image":{"@id":"https:\/\/coolsped.bg\/de\/jobs\/#primaryimage"},"thumbnailUrl":"https:\/\/coolsped.bg\/de\/wp-content\/uploads\/2022\/03\/coolsped_logo-1-768x125.png","datePublished":"2022-03-21T12:46:29+00:00","dateModified":"2023-09-27T13:51:59+00:00","breadcrumb":{"@id":"https:\/\/coolsped.bg\/de\/jobs\/#breadcrumb"},"inLanguage":"en-US","potentialAction":[{"@type":"ReadAction","target":["https:\/\/coolsped.bg\/de\/jobs\/"]}]},{"@type":"ImageObject","inLanguage":"en-US","@id":"https:\/\/coolsped.bg\/de\/jobs\/#primaryimage","url":"https:\/\/coolsped.bg\/de\/wp-content\/uploads\/2022\/03\/coolsped_logo-1.png","contentUrl":"https:\/\/coolsped.bg\/de\/wp-content\/uploads\/2022\/03\/coolsped_logo-1.png","width":975,"height":159},{"@type":"BreadcrumbList","@id":"https:\/\/coolsped.bg\/de\/jobs\/#breadcrumb","itemListElement":[{"@type":"ListItem","position":1,"name":"Home","item":"https:\/\/coolsped.bg\/de\/"},{"@type":"ListItem","position":2,"name":"Jobs"}]},{"@type":"WebSite","@id":"https:\/\/coolsped.bg\/de\/#website","url":"https:\/\/coolsped.bg\/de\/","name":"Coolsped | Bewegen Sie sich mit uns: Transportdienste Sofia | G\u00fcterverkehr G\u00fcterverkehr K\u00fchltransport Europ\u00e4ische Union Transport Sofia","description":"Transportunternehmen, das K\u00fchltransporte, Transportdienstleistungen, G\u00fctertransporte, G\u00fctertransporte, das Land und die EU anbietet.","publisher":{"@id":"https:\/\/coolsped.bg\/de\/#organization"},"potentialAction":[{"@type":"SearchAction","target":{"@type":"EntryPoint","urlTemplate":"https:\/\/coolsped.bg\/de\/?s={search_term_string}"},"query-input":{"@type":"PropertyValueSpecification","valueRequired":true,"valueName":"search_term_string"}}],"inLanguage":"en-US"},{"@type":"Organization","@id":"https:\/\/coolsped.bg\/de\/#organization","name":"CoolSped Ltd","url":"https:\/\/coolsped.bg\/de\/","logo":{"@type":"ImageObject","inLanguage":"en-US","@id":"https:\/\/coolsped.bg\/de\/#\/schema\/logo\/image\/","url":"https:\/\/coolsped.bg\/de\/wp-content\/uploads\/2022\/03\/coolsped_logo-2.png","contentUrl":"https:\/\/coolsped.bg\/de\/wp-content\/uploads\/2022\/03\/coolsped_logo-2.png","width":372,"height":60,"caption":"CoolSped Ltd"},"image":{"@id":"https:\/\/coolsped.bg\/de\/#\/schema\/logo\/image\/"}}]}},"_links":{"self":[{"href":"https:\/\/coolsped.bg\/de\/wp-json\/wp\/v2\/pages\/3209","targetHints":{"allow":["GET"]}}],"collection":[{"href":"https:\/\/coolsped.bg\/de\/wp-json\/wp\/v2\/pages"}],"about":[{"href":"https:\/\/coolsped.bg\/de\/wp-json\/wp\/v2\/types\/page"}],"author":[{"embeddable":true,"href":"https:\/\/coolsped.bg\/de\/wp-json\/wp\/v2\/users\/1"}],"replies":[{"embeddable":true,"href":"https:\/\/coolsped.bg\/de\/wp-json\/wp\/v2\/comments?post=3209"}],"version-history":[{"count":41,"href":"https:\/\/coolsped.bg\/de\/wp-json\/wp\/v2\/pages\/3209\/revisions"}],"predecessor-version":[{"id":4710,"href":"https:\/\/coolsped.bg\/de\/wp-json\/wp\/v2\/pages\/3209\/revisions\/4710"}],"wp:attachment":[{"href":"https:\/\/coolsped.bg\/de\/wp-json\/wp\/v2\/media?parent=3209"}],"curies":[{"name":"wp","href":"https:\/\/api.w.org\/{rel}","templated":true}]}}