{"id":3148,"date":"2022-03-21T07:58:06","date_gmt":"2022-03-21T07:58:06","guid":{"rendered":"https:\/\/coolsped.bg\/de\/?page_id=3148"},"modified":"2023-09-27T13:50:11","modified_gmt":"2023-09-27T13:50:11","slug":"kodex","status":"publish","type":"page","link":"https:\/\/coolsped.bg\/de\/kodex\/","title":{"rendered":"Kodex"},"content":{"rendered":"\t\t<div data-elementor-type=\"wp-page\" data-elementor-id=\"3148\" class=\"elementor elementor-3148\">\n\t\t\t\t\t\t<section class=\"wpr-jarallax elementor-section elementor-top-section elementor-element elementor-element-c2785b9 elementor-section-height-full wpr-jarallax-yes elementor-hidden-mobile elementor-section-boxed elementor-section-height-default elementor-section-items-middle wpr-sticky-section-no\" speed-data=\"0.4\" bg-image=\"\" scroll-effect=\"scroll\" data-id=\"c2785b9\" data-element_type=\"section\" data-settings=\"{&quot;background_background&quot;:&quot;slideshow&quot;,&quot;shape_divider_bottom&quot;:&quot;tilt&quot;,&quot;background_slideshow_gallery&quot;:[{&quot;id&quot;:3151,&quot;url&quot;:&quot;https:\\\/\\\/coolsped.bg\\\/de\\\/wp-content\\\/uploads\\\/2022\\\/03\\\/tranport-codex.jpg&quot;}],&quot;background_slideshow_slide_duration&quot;:5000,&quot;background_slideshow_slide_transition&quot;:&quot;fade&quot;,&quot;background_slideshow_transition_duration&quot;:500}\">\n\t\t\t\t\t\t\t<div class=\"elementor-background-overlay\"><\/div>\n\t\t\t\t\t\t<div class=\"elementor-shape elementor-shape-bottom\" data-negative=\"false\">\n\t\t\t<svg xmlns=\"http:\/\/www.w3.org\/2000\/svg\" viewBox=\"0 0 1000 100\" preserveAspectRatio=\"none\">\n\t<path class=\"elementor-shape-fill\" d=\"M0,6V0h1000v100L0,6z\"\/>\n<\/svg>\t\t<\/div>\n\t\t\t\t\t<div class=\"elementor-container elementor-column-gap-default\">\n\t\t\t\t\t<div class=\"elementor-column elementor-col-100 elementor-top-column elementor-element elementor-element-e1effaa\" data-id=\"e1effaa\" data-element_type=\"column\" data-settings=\"{&quot;background_background&quot;:&quot;classic&quot;}\">\n\t\t\t<div class=\"elementor-widget-wrap elementor-element-populated\">\n\t\t\t\t\t\t<div class=\"elementor-element elementor-element-e186f83 elementor-widget elementor-widget-heading bdevs-el heading\" data-id=\"e186f83\" data-element_type=\"widget\" data-settings=\"{&quot;design_style&quot;:&quot;style_1&quot;}\" data-widget_type=\"heading.default\">\n\t\t\t\t<div class=\"elementor-widget-container\">\n\t\t\t\r\n        \r\n                            <div class=\"section-title-wrapper section-title-pl-55 bdevs-el-content\">\r\n                                        <h2 class=\"section-title bdevs-el-title  bdevs-el-btn\">Kodex<\/h2>                                    <\/div>\r\n\r\n                    \r\n        \t\t<\/div>\n\t\t\t\t<\/div>\n\t\t\t\t\t<\/div>\n\t\t<\/div>\n\t\t\t\t\t<\/div>\n\t\t<\/section>\n\t\t\t\t<section class=\"wpr-jarallax elementor-section elementor-top-section elementor-element elementor-element-9f0dedc elementor-section-height-min-height wpr-jarallax-yes elementor-hidden-tablet elementor-hidden-desktop elementor-section-boxed elementor-section-height-default elementor-section-items-middle wpr-sticky-section-no\" speed-data=\"0.4\" bg-image=\"\" scroll-effect=\"scroll\" data-id=\"9f0dedc\" data-element_type=\"section\" data-settings=\"{&quot;background_background&quot;:&quot;classic&quot;,&quot;shape_divider_bottom&quot;:&quot;tilt&quot;}\">\n\t\t\t\t\t\t\t<div class=\"elementor-background-overlay\"><\/div>\n\t\t\t\t\t\t<div class=\"elementor-shape elementor-shape-bottom\" data-negative=\"false\">\n\t\t\t<svg xmlns=\"http:\/\/www.w3.org\/2000\/svg\" viewBox=\"0 0 1000 100\" preserveAspectRatio=\"none\">\n\t<path class=\"elementor-shape-fill\" d=\"M0,6V0h1000v100L0,6z\"\/>\n<\/svg>\t\t<\/div>\n\t\t\t\t\t<div class=\"elementor-container elementor-column-gap-default\">\n\t\t\t\t\t<div class=\"elementor-column elementor-col-100 elementor-top-column elementor-element elementor-element-b7c7a13\" data-id=\"b7c7a13\" data-element_type=\"column\" data-settings=\"{&quot;background_background&quot;:&quot;classic&quot;}\">\n\t\t\t<div class=\"elementor-widget-wrap elementor-element-populated\">\n\t\t\t\t\t\t<div class=\"elementor-element elementor-element-6b4ac48 elementor-widget elementor-widget-heading bdevs-el heading\" data-id=\"6b4ac48\" data-element_type=\"widget\" data-settings=\"{&quot;design_style&quot;:&quot;style_1&quot;}\" data-widget_type=\"heading.default\">\n\t\t\t\t<div class=\"elementor-widget-container\">\n\t\t\t\r\n        \r\n                            <div class=\"section-title-wrapper section-title-pl-55 bdevs-el-content\">\r\n                                        <h2 class=\"section-title bdevs-el-title  bdevs-el-btn\">Kodex<\/h2>                                    <\/div>\r\n\r\n                    \r\n        \t\t<\/div>\n\t\t\t\t<\/div>\n\t\t\t\t\t<\/div>\n\t\t<\/div>\n\t\t\t\t\t<\/div>\n\t\t<\/section>\n\t\t\t\t<section class=\"elementor-section elementor-top-section elementor-element elementor-element-3975b99 elementor-section-boxed elementor-section-height-default elementor-section-height-default wpr-particle-no wpr-jarallax-no wpr-parallax-no wpr-sticky-section-no\" data-id=\"3975b99\" data-element_type=\"section\" data-settings=\"{&quot;background_background&quot;:&quot;classic&quot;}\">\n\t\t\t\t\t\t<div class=\"elementor-container elementor-column-gap-default\">\n\t\t\t\t\t<div class=\"elementor-column elementor-col-100 elementor-top-column elementor-element elementor-element-616d1b6\" data-id=\"616d1b6\" data-element_type=\"column\">\n\t\t\t<div class=\"elementor-widget-wrap elementor-element-populated\">\n\t\t\t\t\t\t<div class=\"elementor-element elementor-element-cc26916 elementor-widget elementor-widget-text-editor\" data-id=\"cc26916\" data-element_type=\"widget\" data-widget_type=\"text-editor.default\">\n\t\t\t\t<div class=\"elementor-widget-container\">\n\t\t\t\t\t\t\t<p>Als Familienunternehmen \u00fcbernimmt Coolsped eine besondere Verantwortung gegen\u00fcber seinen Kunden, Transportunternehmen und Kollegen. Dazu geh\u00f6ren die kontinuierliche Einhaltung geltender Gesetze, die Beachtung grundlegender ethischer Standards und Nachhaltigkeit. Coolsped\u00a0 ist ein Unternehmen mit Werten, weil wir davon \u00fcberzeugt sind, dass Disziplin und Ethik zum Erfolg des Unternehmens geh\u00f6ren. Coolsped\u00a0\u00a0duldet keinerlei Verst\u00f6\u00dfe gegen das Gesetz, unsere Werte oder die in diesem Verhaltenskodex dargelegten Grundregeln.<\/p>\t\t\t\t\t\t<\/div>\n\t\t\t\t<\/div>\n\t\t\t\t\t<\/div>\n\t\t<\/div>\n\t\t\t\t\t<\/div>\n\t\t<\/section>\n\t\t\t\t<section class=\"elementor-section elementor-top-section elementor-element elementor-element-a63d1b2 elementor-section-boxed elementor-section-height-default elementor-section-height-default wpr-particle-no wpr-jarallax-no wpr-parallax-no wpr-sticky-section-no\" data-id=\"a63d1b2\" data-element_type=\"section\" data-settings=\"{&quot;background_background&quot;:&quot;classic&quot;}\">\n\t\t\t\t\t\t<div class=\"elementor-container elementor-column-gap-default\">\n\t\t\t\t\t<div class=\"elementor-column elementor-col-100 elementor-top-column elementor-element elementor-element-989b159\" data-id=\"989b159\" data-element_type=\"column\">\n\t\t\t<div class=\"elementor-widget-wrap elementor-element-populated\">\n\t\t\t\t\t\t<div class=\"elementor-element elementor-element-823d5f3 elementor-widget elementor-widget-spacer\" data-id=\"823d5f3\" data-element_type=\"widget\" data-widget_type=\"spacer.default\">\n\t\t\t\t<div class=\"elementor-widget-container\">\n\t\t\t\t\t<div class=\"elementor-spacer\">\n\t\t\t<div class=\"elementor-spacer-inner\"><\/div>\n\t\t<\/div>\n\t\t\t\t<\/div>\n\t\t\t\t<\/div>\n\t\t\t\t\t<\/div>\n\t\t<\/div>\n\t\t\t\t\t<\/div>\n\t\t<\/section>\n\t\t\t\t<section class=\"elementor-section elementor-top-section elementor-element elementor-element-7ca0c0460 elementor-section-boxed elementor-section-height-default elementor-section-height-default wpr-particle-no wpr-jarallax-no wpr-parallax-no wpr-sticky-section-no\" data-id=\"7ca0c0460\" data-element_type=\"section\" data-settings=\"{&quot;background_background&quot;:&quot;classic&quot;}\">\n\t\t\t\t\t\t<div class=\"elementor-container elementor-column-gap-default\">\n\t\t\t\t\t<div class=\"elementor-column elementor-col-100 elementor-top-column elementor-element elementor-element-6855d328\" data-id=\"6855d328\" data-element_type=\"column\">\n\t\t\t<div class=\"elementor-widget-wrap elementor-element-populated\">\n\t\t\t\t\t\t<div class=\"elementor-element elementor-element-cd4c43a elementor-widget elementor-widget-image\" data-id=\"cd4c43a\" data-element_type=\"widget\" data-widget_type=\"image.default\">\n\t\t\t\t<div class=\"elementor-widget-container\">\n\t\t\t\t\t\t\t\t\t\t\t\t\t<img fetchpriority=\"high\" decoding=\"async\" width=\"975\" height=\"159\" src=\"https:\/\/coolsped.bg\/de\/wp-content\/uploads\/2022\/03\/coolsped_logo-1.png\" class=\"attachment-full size-full wp-image-2475\" alt=\"\" srcset=\"https:\/\/coolsped.bg\/de\/wp-content\/uploads\/2022\/03\/coolsped_logo-1.png 975w, https:\/\/coolsped.bg\/de\/wp-content\/uploads\/2022\/03\/coolsped_logo-1-300x49.png 300w, https:\/\/coolsped.bg\/de\/wp-content\/uploads\/2022\/03\/coolsped_logo-1-768x125.png 768w\" sizes=\"(max-width: 975px) 100vw, 975px\" \/>\t\t\t\t\t\t\t\t\t\t\t\t\t<\/div>\n\t\t\t\t<\/div>\n\t\t\t\t<div class=\"elementor-element elementor-element-a3592ef elementor-widget elementor-widget-text-editor\" data-id=\"a3592ef\" data-element_type=\"widget\" data-widget_type=\"text-editor.default\">\n\t\t\t\t<div class=\"elementor-widget-container\">\n\t\t\t\t\t\t\t<h3>Die Wahl der Prim\u00e4rkraft bestimmt!<\/h3>\t\t\t\t\t\t<\/div>\n\t\t\t\t<\/div>\n\t\t\t\t\t<\/div>\n\t\t<\/div>\n\t\t\t\t\t<\/div>\n\t\t<\/section>\n\t\t\t\t<\/div>\n\t\t","protected":false},"excerpt":{"rendered":"<p>Kodex Kodex Als Familienunternehmen \u00fcbernimmt Coolsped eine besondere Verantwortung gegen\u00fcber seinen Kunden, Transportunternehmen und Kollegen. Dazu geh\u00f6ren die kontinuierliche Einhaltung geltender Gesetze, die Beachtung grundlegender ethischer Standards und Nachhaltigkeit. Coolsped\u00a0 ist ein Unternehmen mit Werten, weil wir davon \u00fcberzeugt sind, dass Disziplin und Ethik zum Erfolg des Unternehmens geh\u00f6ren. Coolsped\u00a0\u00a0duldet keinerlei Verst\u00f6\u00dfe gegen das Gesetz, unsere Werte oder die in diesem Verhaltenskodex dargelegten Grundregeln. Die Wahl der Prim\u00e4rkraft bestimmt!<\/p>\n","protected":false},"author":1,"featured_media":0,"parent":0,"menu_order":0,"comment_status":"closed","ping_status":"closed","template":"elementor_header_footer","meta":{"_acf_changed":false,"footnotes":""},"class_list":["post-3148","page","type-page","status-publish","hentry"],"acf":[],"yoast_head":"<!-- This site is optimized with the Yoast SEO plugin v23.5 - https:\/\/yoast.com\/wordpress\/plugins\/seo\/ -->\n<title>Kodex - Coolsped | Bewegen Sie sich mit uns: Transportdienste Sofia | G\u00fcterverkehr G\u00fcterverkehr K\u00fchltransport Europ\u00e4ische Union Transport Sofia<\/title>\n<meta name=\"robots\" content=\"index, follow, max-snippet:-1, max-image-preview:large, max-video-preview:-1\" \/>\n<link rel=\"canonical\" href=\"https:\/\/coolsped.bg\/de\/kodex\/\" \/>\n<meta property=\"og:locale\" content=\"en_US\" \/>\n<meta property=\"og:type\" content=\"article\" \/>\n<meta property=\"og:title\" content=\"Kodex - Coolsped | Bewegen Sie sich mit uns: Transportdienste Sofia | G\u00fcterverkehr G\u00fcterverkehr K\u00fchltransport Europ\u00e4ische Union Transport Sofia\" \/>\n<meta property=\"og:description\" content=\"Kodex Kodex Als Familienunternehmen \u00fcbernimmt Coolsped eine besondere Verantwortung gegen\u00fcber seinen Kunden, Transportunternehmen und Kollegen. Dazu geh\u00f6ren die kontinuierliche Einhaltung geltender Gesetze, die Beachtung grundlegender ethischer Standards und Nachhaltigkeit. Coolsped\u00a0 ist ein Unternehmen mit Werten, weil wir davon \u00fcberzeugt sind, dass Disziplin und Ethik zum Erfolg des Unternehmens geh\u00f6ren. Coolsped\u00a0\u00a0duldet keinerlei Verst\u00f6\u00dfe gegen das Gesetz, unsere Werte oder die in diesem Verhaltenskodex dargelegten Grundregeln. Die Wahl der Prim\u00e4rkraft bestimmt!\" \/>\n<meta property=\"og:url\" content=\"https:\/\/coolsped.bg\/de\/kodex\/\" \/>\n<meta property=\"og:site_name\" content=\"Coolsped | Bewegen Sie sich mit uns: Transportdienste Sofia | G\u00fcterverkehr G\u00fcterverkehr K\u00fchltransport Europ\u00e4ische Union Transport Sofia\" \/>\n<meta property=\"article:modified_time\" content=\"2023-09-27T13:50:11+00:00\" \/>\n<meta property=\"og:image\" content=\"https:\/\/coolsped.bg\/de\/wp-content\/uploads\/2022\/03\/coolsped_logo-1.png\" \/>\n<meta name=\"twitter:card\" content=\"summary_large_image\" \/>\n<meta name=\"twitter:label1\" content=\"Est. reading time\" \/>\n\t<meta name=\"twitter:data1\" content=\"1 minute\" \/>\n<script type=\"application\/ld+json\" class=\"yoast-schema-graph\">{\"@context\":\"https:\/\/schema.org\",\"@graph\":[{\"@type\":\"WebPage\",\"@id\":\"https:\/\/coolsped.bg\/de\/kodex\/\",\"url\":\"https:\/\/coolsped.bg\/de\/kodex\/\",\"name\":\"Kodex - Coolsped | Bewegen Sie sich mit uns: Transportdienste Sofia | G\u00fcterverkehr G\u00fcterverkehr K\u00fchltransport Europ\u00e4ische Union Transport Sofia\",\"isPartOf\":{\"@id\":\"https:\/\/coolsped.bg\/de\/#website\"},\"primaryImageOfPage\":{\"@id\":\"https:\/\/coolsped.bg\/de\/kodex\/#primaryimage\"},\"image\":{\"@id\":\"https:\/\/coolsped.bg\/de\/kodex\/#primaryimage\"},\"thumbnailUrl\":\"https:\/\/coolsped.bg\/de\/wp-content\/uploads\/2022\/03\/coolsped_logo-1.png\",\"datePublished\":\"2022-03-21T07:58:06+00:00\",\"dateModified\":\"2023-09-27T13:50:11+00:00\",\"breadcrumb\":{\"@id\":\"https:\/\/coolsped.bg\/de\/kodex\/#breadcrumb\"},\"inLanguage\":\"en-US\",\"potentialAction\":[{\"@type\":\"ReadAction\",\"target\":[\"https:\/\/coolsped.bg\/de\/kodex\/\"]}]},{\"@type\":\"ImageObject\",\"inLanguage\":\"en-US\",\"@id\":\"https:\/\/coolsped.bg\/de\/kodex\/#primaryimage\",\"url\":\"https:\/\/coolsped.bg\/de\/wp-content\/uploads\/2022\/03\/coolsped_logo-1.png\",\"contentUrl\":\"https:\/\/coolsped.bg\/de\/wp-content\/uploads\/2022\/03\/coolsped_logo-1.png\",\"width\":975,\"height\":159},{\"@type\":\"BreadcrumbList\",\"@id\":\"https:\/\/coolsped.bg\/de\/kodex\/#breadcrumb\",\"itemListElement\":[{\"@type\":\"ListItem\",\"position\":1,\"name\":\"Home\",\"item\":\"https:\/\/coolsped.bg\/de\/\"},{\"@type\":\"ListItem\",\"position\":2,\"name\":\"Kodex\"}]},{\"@type\":\"WebSite\",\"@id\":\"https:\/\/coolsped.bg\/de\/#website\",\"url\":\"https:\/\/coolsped.bg\/de\/\",\"name\":\"Coolsped | Bewegen Sie sich mit uns: Transportdienste Sofia | G\u00fcterverkehr G\u00fcterverkehr K\u00fchltransport Europ\u00e4ische Union Transport Sofia\",\"description\":\"Transportunternehmen, das K\u00fchltransporte, Transportdienstleistungen, G\u00fctertransporte, G\u00fctertransporte, das Land und die EU anbietet.\",\"publisher\":{\"@id\":\"https:\/\/coolsped.bg\/de\/#organization\"},\"potentialAction\":[{\"@type\":\"SearchAction\",\"target\":{\"@type\":\"EntryPoint\",\"urlTemplate\":\"https:\/\/coolsped.bg\/de\/?s={search_term_string}\"},\"query-input\":{\"@type\":\"PropertyValueSpecification\",\"valueRequired\":true,\"valueName\":\"search_term_string\"}}],\"inLanguage\":\"en-US\"},{\"@type\":\"Organization\",\"@id\":\"https:\/\/coolsped.bg\/de\/#organization\",\"name\":\"CoolSped Ltd\",\"url\":\"https:\/\/coolsped.bg\/de\/\",\"logo\":{\"@type\":\"ImageObject\",\"inLanguage\":\"en-US\",\"@id\":\"https:\/\/coolsped.bg\/de\/#\/schema\/logo\/image\/\",\"url\":\"https:\/\/coolsped.bg\/de\/wp-content\/uploads\/2022\/03\/coolsped_logo-2.png\",\"contentUrl\":\"https:\/\/coolsped.bg\/de\/wp-content\/uploads\/2022\/03\/coolsped_logo-2.png\",\"width\":372,\"height\":60,\"caption\":\"CoolSped Ltd\"},\"image\":{\"@id\":\"https:\/\/coolsped.bg\/de\/#\/schema\/logo\/image\/\"}}]}<\/script>\n<!-- \/ Yoast SEO plugin. -->","yoast_head_json":{"title":"Kodex - Coolsped | Bewegen Sie sich mit uns: Transportdienste Sofia | G\u00fcterverkehr G\u00fcterverkehr K\u00fchltransport Europ\u00e4ische Union Transport Sofia","robots":{"index":"index","follow":"follow","max-snippet":"max-snippet:-1","max-image-preview":"max-image-preview:large","max-video-preview":"max-video-preview:-1"},"canonical":"https:\/\/coolsped.bg\/de\/kodex\/","og_locale":"en_US","og_type":"article","og_title":"Kodex - Coolsped | Bewegen Sie sich mit uns: Transportdienste Sofia | G\u00fcterverkehr G\u00fcterverkehr K\u00fchltransport Europ\u00e4ische Union Transport Sofia","og_description":"Kodex Kodex Als Familienunternehmen \u00fcbernimmt Coolsped eine besondere Verantwortung gegen\u00fcber seinen Kunden, Transportunternehmen und Kollegen. Dazu geh\u00f6ren die kontinuierliche Einhaltung geltender Gesetze, die Beachtung grundlegender ethischer Standards und Nachhaltigkeit. Coolsped\u00a0 ist ein Unternehmen mit Werten, weil wir davon \u00fcberzeugt sind, dass Disziplin und Ethik zum Erfolg des Unternehmens geh\u00f6ren. Coolsped\u00a0\u00a0duldet keinerlei Verst\u00f6\u00dfe gegen das Gesetz, unsere Werte oder die in diesem Verhaltenskodex dargelegten Grundregeln. Die Wahl der Prim\u00e4rkraft bestimmt!","og_url":"https:\/\/coolsped.bg\/de\/kodex\/","og_site_name":"Coolsped | Bewegen Sie sich mit uns: Transportdienste Sofia | G\u00fcterverkehr G\u00fcterverkehr K\u00fchltransport Europ\u00e4ische Union Transport Sofia","article_modified_time":"2023-09-27T13:50:11+00:00","og_image":[{"url":"https:\/\/coolsped.bg\/de\/wp-content\/uploads\/2022\/03\/coolsped_logo-1.png"}],"twitter_card":"summary_large_image","twitter_misc":{"Est. reading time":"1 minute"},"schema":{"@context":"https:\/\/schema.org","@graph":[{"@type":"WebPage","@id":"https:\/\/coolsped.bg\/de\/kodex\/","url":"https:\/\/coolsped.bg\/de\/kodex\/","name":"Kodex - Coolsped | Bewegen Sie sich mit uns: Transportdienste Sofia | G\u00fcterverkehr G\u00fcterverkehr K\u00fchltransport Europ\u00e4ische Union Transport Sofia","isPartOf":{"@id":"https:\/\/coolsped.bg\/de\/#website"},"primaryImageOfPage":{"@id":"https:\/\/coolsped.bg\/de\/kodex\/#primaryimage"},"image":{"@id":"https:\/\/coolsped.bg\/de\/kodex\/#primaryimage"},"thumbnailUrl":"https:\/\/coolsped.bg\/de\/wp-content\/uploads\/2022\/03\/coolsped_logo-1.png","datePublished":"2022-03-21T07:58:06+00:00","dateModified":"2023-09-27T13:50:11+00:00","breadcrumb":{"@id":"https:\/\/coolsped.bg\/de\/kodex\/#breadcrumb"},"inLanguage":"en-US","potentialAction":[{"@type":"ReadAction","target":["https:\/\/coolsped.bg\/de\/kodex\/"]}]},{"@type":"ImageObject","inLanguage":"en-US","@id":"https:\/\/coolsped.bg\/de\/kodex\/#primaryimage","url":"https:\/\/coolsped.bg\/de\/wp-content\/uploads\/2022\/03\/coolsped_logo-1.png","contentUrl":"https:\/\/coolsped.bg\/de\/wp-content\/uploads\/2022\/03\/coolsped_logo-1.png","width":975,"height":159},{"@type":"BreadcrumbList","@id":"https:\/\/coolsped.bg\/de\/kodex\/#breadcrumb","itemListElement":[{"@type":"ListItem","position":1,"name":"Home","item":"https:\/\/coolsped.bg\/de\/"},{"@type":"ListItem","position":2,"name":"Kodex"}]},{"@type":"WebSite","@id":"https:\/\/coolsped.bg\/de\/#website","url":"https:\/\/coolsped.bg\/de\/","name":"Coolsped | Bewegen Sie sich mit uns: Transportdienste Sofia | G\u00fcterverkehr G\u00fcterverkehr K\u00fchltransport Europ\u00e4ische Union Transport Sofia","description":"Transportunternehmen, das K\u00fchltransporte, Transportdienstleistungen, G\u00fctertransporte, G\u00fctertransporte, das Land und die EU anbietet.","publisher":{"@id":"https:\/\/coolsped.bg\/de\/#organization"},"potentialAction":[{"@type":"SearchAction","target":{"@type":"EntryPoint","urlTemplate":"https:\/\/coolsped.bg\/de\/?s={search_term_string}"},"query-input":{"@type":"PropertyValueSpecification","valueRequired":true,"valueName":"search_term_string"}}],"inLanguage":"en-US"},{"@type":"Organization","@id":"https:\/\/coolsped.bg\/de\/#organization","name":"CoolSped Ltd","url":"https:\/\/coolsped.bg\/de\/","logo":{"@type":"ImageObject","inLanguage":"en-US","@id":"https:\/\/coolsped.bg\/de\/#\/schema\/logo\/image\/","url":"https:\/\/coolsped.bg\/de\/wp-content\/uploads\/2022\/03\/coolsped_logo-2.png","contentUrl":"https:\/\/coolsped.bg\/de\/wp-content\/uploads\/2022\/03\/coolsped_logo-2.png","width":372,"height":60,"caption":"CoolSped Ltd"},"image":{"@id":"https:\/\/coolsped.bg\/de\/#\/schema\/logo\/image\/"}}]}},"_links":{"self":[{"href":"https:\/\/coolsped.bg\/de\/wp-json\/wp\/v2\/pages\/3148","targetHints":{"allow":["GET"]}}],"collection":[{"href":"https:\/\/coolsped.bg\/de\/wp-json\/wp\/v2\/pages"}],"about":[{"href":"https:\/\/coolsped.bg\/de\/wp-json\/wp\/v2\/types\/page"}],"author":[{"embeddable":true,"href":"https:\/\/coolsped.bg\/de\/wp-json\/wp\/v2\/users\/1"}],"replies":[{"embeddable":true,"href":"https:\/\/coolsped.bg\/de\/wp-json\/wp\/v2\/comments?post=3148"}],"version-history":[{"count":50,"href":"https:\/\/coolsped.bg\/de\/wp-json\/wp\/v2\/pages\/3148\/revisions"}],"predecessor-version":[{"id":4704,"href":"https:\/\/coolsped.bg\/de\/wp-json\/wp\/v2\/pages\/3148\/revisions\/4704"}],"wp:attachment":[{"href":"https:\/\/coolsped.bg\/de\/wp-json\/wp\/v2\/media?parent=3148"}],"curies":[{"name":"wp","href":"https:\/\/api.w.org\/{rel}","templated":true}]}}